{"id":318,"date":"2022-08-03T13:42:11","date_gmt":"2022-08-03T16:42:11","guid":{"rendered":"https:\/\/xn--investproteo-dcb9c.com.br\/?page_id=318"},"modified":"2025-11-04T21:22:09","modified_gmt":"2025-11-05T00:22:09","slug":"contato","status":"publish","type":"page","link":"https:\/\/investprote\u00e7\u00e3o.com.br\/?page_id=318","title":{"rendered":"Contato"},"content":{"rendered":"\t\t<div data-elementor-type=\"wp-page\" data-elementor-id=\"318\" class=\"elementor elementor-318\" data-elementor-post-type=\"page\">\n\t\t\t\t\t\t<section class=\"elementor-section elementor-top-section elementor-element elementor-element-ef32b2a elementor-section-boxed elementor-section-height-default elementor-section-height-default\" data-id=\"ef32b2a\" data-element_type=\"section\">\n\t\t\t\t\t\t<div class=\"elementor-container elementor-column-gap-default\">\n\t\t\t\t\t<div class=\"elementor-column elementor-col-50 elementor-top-column elementor-element elementor-element-dae1b45\" data-id=\"dae1b45\" data-element_type=\"column\">\n\t\t\t<div class=\"elementor-widget-wrap elementor-element-populated\">\n\t\t\t\t\t\t<div class=\"elementor-element elementor-element-4c9a8f0 elementor-widget elementor-widget-heading\" data-id=\"4c9a8f0\" data-element_type=\"widget\" data-widget_type=\"heading.default\">\n\t\t\t\t<div class=\"elementor-widget-container\">\n\t\t\t\t\t<h2 class=\"elementor-heading-title elementor-size-default\">Atendimento Brasil<br>Entre em contato!<\/h2>\t\t\t\t<\/div>\n\t\t\t\t<\/div>\n\t\t\t\t<div class=\"elementor-element elementor-element-a43015b elementor-icon-list--layout-traditional elementor-list-item-link-full_width elementor-widget elementor-widget-icon-list\" data-id=\"a43015b\" data-element_type=\"widget\" data-widget_type=\"icon-list.default\">\n\t\t\t\t<div class=\"elementor-widget-container\">\n\t\t\t\t\t\t\t<ul class=\"elementor-icon-list-items\">\n\t\t\t\t\t\t\t<li class=\"elementor-icon-list-item\">\n\t\t\t\t\t\t\t\t\t\t\t<span class=\"elementor-icon-list-icon\">\n\t\t\t\t\t\t\t<i aria-hidden=\"true\" class=\"fab fa-whatsapp\"><\/i>\t\t\t\t\t\t<\/span>\n\t\t\t\t\t\t\t\t\t\t<span class=\"elementor-icon-list-text\">(31) 3191 - 7210<\/span>\n\t\t\t\t\t\t\t\t\t<\/li>\n\t\t\t\t\t\t\t\t<li class=\"elementor-icon-list-item\">\n\t\t\t\t\t\t\t\t\t\t\t<span class=\"elementor-icon-list-icon\">\n\t\t\t\t\t\t\t<i aria-hidden=\"true\" class=\"fab fa-whatsapp\"><\/i>\t\t\t\t\t\t<\/span>\n\t\t\t\t\t\t\t\t\t\t<span class=\"elementor-icon-list-text\">(31) 3191 - 7209<\/span>\n\t\t\t\t\t\t\t\t\t<\/li>\n\t\t\t\t\t\t\t\t<li class=\"elementor-icon-list-item\">\n\t\t\t\t\t\t\t\t\t\t\t<span class=\"elementor-icon-list-icon\">\n\t\t\t\t\t\t\t<i aria-hidden=\"true\" class=\"fas fa-phone-alt\"><\/i>\t\t\t\t\t\t<\/span>\n\t\t\t\t\t\t\t\t\t\t<span class=\"elementor-icon-list-text\">0800 000 1888<\/span>\n\t\t\t\t\t\t\t\t\t<\/li>\n\t\t\t\t\t\t<\/ul>\n\t\t\t\t\t\t<\/div>\n\t\t\t\t<\/div>\n\t\t\t\t\t<\/div>\n\t\t<\/div>\n\t\t\t\t<div class=\"elementor-column elementor-col-50 elementor-top-column elementor-element elementor-element-f7dbad6\" data-id=\"f7dbad6\" data-element_type=\"column\">\n\t\t\t<div class=\"elementor-widget-wrap elementor-element-populated\">\n\t\t\t\t\t\t<div class=\"elementor-element elementor-element-7b91f32 elementor-align-center elementor-widget elementor-widget-button\" data-id=\"7b91f32\" data-element_type=\"widget\" data-widget_type=\"button.default\">\n\t\t\t\t<div class=\"elementor-widget-container\">\n\t\t\t\t\t\t\t\t\t<div class=\"elementor-button-wrapper\">\n\t\t\t\t\t<a class=\"elementor-button elementor-button-link elementor-size-sm\" href=\"https:\/\/wa.me\/5531998831592\" target=\"_blank\">\n\t\t\t\t\t\t<span class=\"elementor-button-content-wrapper\">\n\t\t\t\t\t\t<span class=\"elementor-button-icon\">\n\t\t\t\t<i aria-hidden=\"true\" class=\"fab fa-whatsapp\"><\/i>\t\t\t<\/span>\n\t\t\t\t\t\t\t\t\t<span class=\"elementor-button-text\">Clique aqui para chamar no WhatsApp<\/span>\n\t\t\t\t\t<\/span>\n\t\t\t\t\t<\/a>\n\t\t\t\t<\/div>\n\t\t\t\t\t\t\t\t<\/div>\n\t\t\t\t<\/div>\n\t\t\t\t\t<\/div>\n\t\t<\/div>\n\t\t\t\t\t<\/div>\n\t\t<\/section>\n\t\t\t\t<section class=\"elementor-section elementor-top-section elementor-element elementor-element-8fdb0e0 elementor-section-boxed elementor-section-height-default elementor-section-height-default\" data-id=\"8fdb0e0\" data-element_type=\"section\">\n\t\t\t\t\t\t<div class=\"elementor-container elementor-column-gap-extended\">\n\t\t\t\t\t<div class=\"elementor-column elementor-col-100 elementor-top-column elementor-element elementor-element-2c93dd9\" data-id=\"2c93dd9\" data-element_type=\"column\">\n\t\t\t<div class=\"elementor-widget-wrap elementor-element-populated\">\n\t\t\t\t\t\t<div class=\"elementor-element elementor-element-680fc55 elementor-button-align-start elementor-widget elementor-widget-form\" data-id=\"680fc55\" data-element_type=\"widget\" data-settings=\"{&quot;step_next_label&quot;:&quot;Next&quot;,&quot;step_previous_label&quot;:&quot;Previous&quot;,&quot;button_width&quot;:&quot;100&quot;,&quot;step_type&quot;:&quot;number_text&quot;,&quot;step_icon_shape&quot;:&quot;circle&quot;}\" data-widget_type=\"form.default\">\n\t\t\t\t<div class=\"elementor-widget-container\">\n\t\t\t\t\t\t\t<form class=\"elementor-form\" method=\"post\" name=\"New Form\" aria-label=\"New Form\">\n\t\t\t<input type=\"hidden\" name=\"post_id\" value=\"318\"\/>\n\t\t\t<input type=\"hidden\" name=\"form_id\" value=\"680fc55\"\/>\n\t\t\t<input type=\"hidden\" name=\"referer_title\" value=\"Contato - Invest\" \/>\n\n\t\t\t\t\t\t\t<input type=\"hidden\" name=\"queried_id\" value=\"318\"\/>\n\t\t\t\n\t\t\t<div class=\"elementor-form-fields-wrapper elementor-labels-above\">\n\t\t\t\t\t\t\t\t<div class=\"elementor-field-type-text elementor-field-group elementor-column elementor-field-group-name elementor-col-100 elementor-field-required elementor-mark-required\">\n\t\t\t\t\t\t\t\t\t\t\t\t<label for=\"form-field-name\" class=\"elementor-field-label\">\n\t\t\t\t\t\t\t\tNome\t\t\t\t\t\t\t<\/label>\n\t\t\t\t\t\t\t\t\t\t\t\t\t\t<input size=\"1\" type=\"text\" name=\"form_fields[name]\" id=\"form-field-name\" class=\"elementor-field elementor-size-sm  elementor-field-textual\" placeholder=\"Nome\" required=\"required\">\n\t\t\t\t\t\t\t\t\t\t\t<\/div>\n\t\t\t\t\t\t\t\t<div class=\"elementor-field-type-tel elementor-field-group elementor-column elementor-field-group-email elementor-col-100 elementor-field-required elementor-mark-required\">\n\t\t\t\t\t\t\t\t\t\t\t\t<label for=\"form-field-email\" class=\"elementor-field-label\">\n\t\t\t\t\t\t\t\tTelefone\t\t\t\t\t\t\t<\/label>\n\t\t\t\t\t\t\t\t<input size=\"1\" type=\"tel\" name=\"form_fields[email]\" id=\"form-field-email\" class=\"elementor-field elementor-size-sm  elementor-field-textual\" placeholder=\"Telefone\" required=\"required\" pattern=\"[0-9()#&amp;+*-=.]+\" title=\"Apenas n\u00fameros e caracteres de telefone (#, -, *, etc.) s\u00e3o aceitos.\">\n\n\t\t\t\t\t\t<\/div>\n\t\t\t\t\t\t\t\t<div class=\"elementor-field-type-email elementor-field-group elementor-column elementor-field-group-message elementor-col-100\">\n\t\t\t\t\t\t\t\t\t\t\t\t<label for=\"form-field-message\" class=\"elementor-field-label\">\n\t\t\t\t\t\t\t\tE-mail\t\t\t\t\t\t\t<\/label>\n\t\t\t\t\t\t\t\t\t\t\t\t\t\t<input size=\"1\" type=\"email\" name=\"form_fields[message]\" id=\"form-field-message\" class=\"elementor-field elementor-size-sm  elementor-field-textual\" placeholder=\"E-mail\">\n\t\t\t\t\t\t\t\t\t\t\t<\/div>\n\t\t\t\t\t\t\t\t<div class=\"elementor-field-type-select elementor-field-group elementor-column elementor-field-group-field_1ea0e5a elementor-col-100 elementor-field-required elementor-mark-required\">\n\t\t\t\t\t\t\t\t\t\t\t\t<label for=\"form-field-field_1ea0e5a\" class=\"elementor-field-label\">\n\t\t\t\t\t\t\t\tSetor\t\t\t\t\t\t\t<\/label>\n\t\t\t\t\t\t\t\t<div class=\"elementor-field elementor-select-wrapper remove-before \">\n\t\t\t<div class=\"select-caret-down-wrapper\">\n\t\t\t\t<i aria-hidden=\"true\" class=\"eicon-caret-down\"><\/i>\t\t\t<\/div>\n\t\t\t<select name=\"form_fields[field_1ea0e5a]\" id=\"form-field-field_1ea0e5a\" class=\"elementor-field-textual elementor-size-sm\" required=\"required\">\n\t\t\t\t\t\t\t\t\t<option value=\"Ger\u00eancia\">Ger\u00eancia<\/option>\n\t\t\t\t\t\t\t\t\t<option value=\"Eventos\">Eventos<\/option>\n\t\t\t\t\t\t\t\t\t<option value=\"Cobran\u00e7as \">Cobran\u00e7as <\/option>\n\t\t\t\t\t\t\t\t\t<option value=\"Compras\">Compras<\/option>\n\t\t\t\t\t\t\t\t\t<option value=\"Financeiro \">Financeiro <\/option>\n\t\t\t\t\t\t\t\t\t<option value=\"Rastreador\">Rastreador<\/option>\n\t\t\t\t\t\t\t\t\t<option value=\"Cadastro \">Cadastro <\/option>\n\t\t\t\t\t\t\t\t\t<option value=\"Jur\u00eddico\">Jur\u00eddico<\/option>\n\t\t\t\t\t\t\t\t\t<option value=\"Comercial \">Comercial <\/option>\n\t\t\t\t\t\t\t\t\t<option value=\"Vendas\">Vendas<\/option>\n\t\t\t\t\t\t\t\t\t<option value=\"Sele\u00e7\u00e3o de novos consultores\">Sele\u00e7\u00e3o de novos consultores<\/option>\n\t\t\t\t\t\t\t\t\t<option value=\"\"><\/option>\n\t\t\t\t\t\t\t<\/select>\n\t\t<\/div>\n\t\t\t\t\t\t<\/div>\n\t\t\t\t\t\t\t\t<div class=\"elementor-field-type-textarea elementor-field-group elementor-column elementor-field-group-field_5148c95 elementor-col-100 elementor-field-required elementor-mark-required\">\n\t\t\t\t\t\t\t\t\t\t\t\t<label for=\"form-field-field_5148c95\" class=\"elementor-field-label\">\n\t\t\t\t\t\t\t\tMensagem\t\t\t\t\t\t\t<\/label>\n\t\t\t\t\t\t<textarea class=\"elementor-field-textual elementor-field  elementor-size-sm\" name=\"form_fields[field_5148c95]\" id=\"form-field-field_5148c95\" rows=\"4\" placeholder=\"Mensagem\" required=\"required\"><\/textarea>\t\t\t\t<\/div>\n\t\t\t\t\t\t\t\t<div class=\"elementor-field-group elementor-column elementor-field-type-submit elementor-col-100 e-form__buttons\">\n\t\t\t\t\t<button class=\"elementor-button elementor-size-sm\" type=\"submit\">\n\t\t\t\t\t\t<span class=\"elementor-button-content-wrapper\">\n\t\t\t\t\t\t\t\t\t\t\t\t\t\t\t\t\t\t\t\t\t\t<span class=\"elementor-button-text\">Enviar<\/span>\n\t\t\t\t\t\t\t\t\t\t\t\t\t<\/span>\n\t\t\t\t\t<\/button>\n\t\t\t\t<\/div>\n\t\t\t<\/div>\n\t\t<\/form>\n\t\t\t\t\t\t<\/div>\n\t\t\t\t<\/div>\n\t\t\t\t<section class=\"elementor-section elementor-inner-section elementor-element elementor-element-72ca9eb elementor-section-boxed elementor-section-height-default elementor-section-height-default\" data-id=\"72ca9eb\" data-element_type=\"section\">\n\t\t\t\t\t\t<div class=\"elementor-container elementor-column-gap-default\">\n\t\t\t\t\t<div class=\"elementor-column elementor-col-100 elementor-inner-column elementor-element elementor-element-5a1b9d6\" data-id=\"5a1b9d6\" data-element_type=\"column\">\n\t\t\t<div class=\"elementor-widget-wrap elementor-element-populated\">\n\t\t\t\t\t\t<div class=\"elementor-element elementor-element-4f61958 elementor-widget-laptop__width-initial elementor-widget elementor-widget-text-editor\" data-id=\"4f61958\" data-element_type=\"widget\" data-widget_type=\"text-editor.default\">\n\t\t\t\t<div class=\"elementor-widget-container\">\n\t\t\t\t\t\t\t\t\t<p>Entre em <strong>contato<\/strong>: A <a href=\"https:\/\/www.investprote\u00e7\u00e3o.com.br\/\"><strong>prote\u00e7\u00e3o veicular<\/strong><\/a> \u00e9 uma solu\u00e7\u00e3o indispens\u00e1vel para quem busca seguran\u00e7a e tranquilidade no tr\u00e2nsito. <strong>Diferente<\/strong> dos seguros tradicionais, essa alternativa <strong>n\u00e3o apenas<\/strong> oferece vantagens adaptadas \u00e0s necessidades dos motoristas, <strong>mas tamb\u00e9m<\/strong> garante cobertura em casos de roubo, furto, colis\u00f5es e fen\u00f4menos naturais. <strong>Al\u00e9m disso<\/strong>, voc\u00ea contar\u00e1 com assist\u00eancia 24 horas, garantindo suporte em momentos inesperados.<\/p><p><strong>Ademais<\/strong>, um dos principais benef\u00edcios \u00e9 o custo acess\u00edvel. <strong>Se voc\u00ea tem<\/strong> mais de um ve\u00edculo ou deseja uma solu\u00e7\u00e3o mais econ\u00f4mica, a prote\u00e7\u00e3o veicular \u00e9 <strong>certamente<\/strong> ideal. Ela <strong>n\u00e3o s\u00f3<\/strong> proporciona seguran\u00e7a completa por um valor competitivo, <strong>como tamb\u00e9m<\/strong> as associa\u00e7\u00f5es de prote\u00e7\u00e3o veicular promovem um relacionamento de confian\u00e7a. <strong>Desse modo<\/strong>, os associados contribuem para um fundo m\u00fatuo, tornando o processo mais simples e sem burocracia.<\/p><p><strong>Por outro lado<\/strong>, saber que seu ve\u00edculo est\u00e1 protegido contra imprevistos traz uma paz de esp\u00edrito incompar\u00e1vel. <strong>Al\u00e9m disso<\/strong>, o atendimento r\u00e1pido e a ampla rede de parceiros espalhada pelo pa\u00eds s\u00e3o fatores que fazem toda a diferen\u00e7a.<\/p><p><strong>Portanto<\/strong>, se voc\u00ea busca uma alternativa econ\u00f4mica, eficiente e segura, entre em <strong>contato<\/strong> com nossa equipe. <strong>Estamos prontos<\/strong>, n\u00e3o apenas para tirar suas d\u00favidas, <strong>mas tamb\u00e9m<\/strong> para ajudar a encontrar a solu\u00e7\u00e3o ideal. <strong>Por isso<\/strong>, n\u00e3o adie essa decis\u00e3o importante. Proteja seu ve\u00edculo agora mesmo e evite problemas futuros.<\/p><p><strong>Por fim<\/strong>, fale conosco e descubra como podemos garantir a seguran\u00e7a do seu carro. Nossa equipe est\u00e1 \u00e0 disposi\u00e7\u00e3o para fornecer todas as informa\u00e7\u00f5es. <strong>Assim<\/strong>, entre em <strong>contato<\/strong> hoje e garanta sua tranquilidade no tr\u00e2nsito.<\/p>\t\t\t\t\t\t\t\t<\/div>\n\t\t\t\t<\/div>\n\t\t\t\t\t<\/div>\n\t\t<\/div>\n\t\t\t\t\t<\/div>\n\t\t<\/section>\n\t\t\t\t<div class=\"elementor-element elementor-element-40c00bb elementor-widget elementor-widget-image\" data-id=\"40c00bb\" data-element_type=\"widget\" data-widget_type=\"image.default\">\n\t\t\t\t<div class=\"elementor-widget-container\">\n\t\t\t\t\t\t\t\t\t\t\t\t\t\t\t<img fetchpriority=\"high\" decoding=\"async\" width=\"800\" height=\"534\" src=\"https:\/\/investprote\u00e7\u00e3o.com.br\/wp-content\/uploads\/2024\/09\/carro-por-assinatura-o-ano-todo-1024x683.avif\" class=\"attachment-large size-large wp-image-2984\" alt=\"\" srcset=\"https:\/\/investprote\u00e7\u00e3o.com.br\/wp-content\/uploads\/2024\/09\/carro-por-assinatura-o-ano-todo-1024x683.avif 1024w, https:\/\/investprote\u00e7\u00e3o.com.br\/wp-content\/uploads\/2024\/09\/carro-por-assinatura-o-ano-todo-300x200.avif 300w, https:\/\/investprote\u00e7\u00e3o.com.br\/wp-content\/uploads\/2024\/09\/carro-por-assinatura-o-ano-todo-768x512.avif 768w, https:\/\/investprote\u00e7\u00e3o.com.br\/wp-content\/uploads\/2024\/09\/carro-por-assinatura-o-ano-todo.avif 1200w\" sizes=\"(max-width: 800px) 100vw, 800px\" \/>\t\t\t\t\t\t\t\t\t\t\t\t\t\t\t<\/div>\n\t\t\t\t<\/div>\n\t\t\t\t\t<\/div>\n\t\t<\/div>\n\t\t\t\t\t<\/div>\n\t\t<\/section>\n\t\t\t\t<\/div>\n\t\t","protected":false},"excerpt":{"rendered":"<p>Atendimento BrasilEntre em contato! (31) 3191 &#8211; 7210 (31) 3191 &#8211; 7209 0800 000 1888 Clique aqui para chamar no WhatsApp Entre em contato: A prote\u00e7\u00e3o veicular \u00e9 uma solu\u00e7\u00e3o indispens\u00e1vel para quem busca seguran\u00e7a e tranquilidade no tr\u00e2nsito. Diferente dos seguros tradicionais, essa alternativa n\u00e3o apenas oferece vantagens adaptadas \u00e0s necessidades dos motoristas, mas [&hellip;]<\/p>\n","protected":false},"author":1,"featured_media":0,"parent":0,"menu_order":0,"comment_status":"closed","ping_status":"closed","template":"","meta":{"footnotes":""},"class_list":["post-318","page","type-page","status-publish","hentry"],"yoast_head":"<!-- This site is optimized with the Yoast SEO Premium plugin v23.6 (Yoast SEO v23.6) - https:\/\/yoast.com\/wordpress\/plugins\/seo\/ -->\n<title>Contato - Invest<\/title>\n<meta name=\"description\" content=\"Entre em contato com a Invest Prote\u00e7\u00e3o veicular e saiba como proteger seu ve\u00edculo hoje mesmo, n\u00e3o deixe para depois!\" \/>\n<meta name=\"robots\" content=\"index, follow, max-snippet:-1, max-image-preview:large, max-video-preview:-1\" \/>\n<link rel=\"canonical\" href=\"https:\/\/investprote\u00e7\u00e3o.com.br\/?page_id=318\" \/>\n<meta property=\"og:locale\" content=\"pt_BR\" \/>\n<meta property=\"og:type\" content=\"article\" \/>\n<meta property=\"og:title\" content=\"Contato\" \/>\n<meta property=\"og:description\" content=\"Entre em contato com a Invest Prote\u00e7\u00e3o veicular e saiba como proteger seu ve\u00edculo hoje mesmo, n\u00e3o deixe para depois!\" \/>\n<meta property=\"og:url\" content=\"https:\/\/investprote\u00e7\u00e3o.com.br\/?page_id=318\" \/>\n<meta property=\"og:site_name\" content=\"Invest\" \/>\n<meta property=\"article:publisher\" content=\"https:\/\/web.facebook.com\/investprotecao\" \/>\n<meta property=\"article:modified_time\" content=\"2025-11-05T00:22:09+00:00\" \/>\n<meta name=\"twitter:card\" content=\"summary_large_image\" \/>\n<meta name=\"twitter:label1\" content=\"Est. tempo de leitura\" \/>\n\t<meta name=\"twitter:data1\" content=\"2 minutos\" \/>\n<script type=\"application\/ld+json\" class=\"yoast-schema-graph\">{\"@context\":\"https:\/\/schema.org\",\"@graph\":[{\"@type\":\"WebPage\",\"@id\":\"https:\/\/investprote\u00e7\u00e3o.com.br\/?page_id=318\",\"url\":\"https:\/\/investprote\u00e7\u00e3o.com.br\/?page_id=318\",\"name\":\"Contato - Invest\",\"isPartOf\":{\"@id\":\"https:\/\/investprote\u00e7\u00e3o.com.br\/#website\"},\"datePublished\":\"2022-08-03T16:42:11+00:00\",\"dateModified\":\"2025-11-05T00:22:09+00:00\",\"description\":\"Entre em contato com a Invest Prote\u00e7\u00e3o veicular e saiba como proteger seu ve\u00edculo hoje mesmo, n\u00e3o deixe para depois!\",\"breadcrumb\":{\"@id\":\"https:\/\/investprote\u00e7\u00e3o.com.br\/?page_id=318#breadcrumb\"},\"inLanguage\":\"pt-BR\",\"potentialAction\":[{\"@type\":\"ReadAction\",\"target\":[\"https:\/\/investprote\u00e7\u00e3o.com.br\/?page_id=318\"]}]},{\"@type\":\"BreadcrumbList\",\"@id\":\"https:\/\/investprote\u00e7\u00e3o.com.br\/?page_id=318#breadcrumb\",\"itemListElement\":[{\"@type\":\"ListItem\",\"position\":1,\"name\":\"In\u00edcio\",\"item\":\"https:\/\/investprote\u00e7\u00e3o.com.br\/\"},{\"@type\":\"ListItem\",\"position\":2,\"name\":\"Contato\"}]},{\"@type\":\"WebSite\",\"@id\":\"https:\/\/investprote\u00e7\u00e3o.com.br\/#website\",\"url\":\"https:\/\/investprote\u00e7\u00e3o.com.br\/\",\"name\":\"Invest\",\"description\":\"Prote\u00e7\u00e3o Veicular\",\"publisher\":{\"@id\":\"https:\/\/investprote\u00e7\u00e3o.com.br\/#organization\"},\"potentialAction\":[{\"@type\":\"SearchAction\",\"target\":{\"@type\":\"EntryPoint\",\"urlTemplate\":\"https:\/\/investprote\u00e7\u00e3o.com.br\/?s={search_term_string}\"},\"query-input\":{\"@type\":\"PropertyValueSpecification\",\"valueRequired\":true,\"valueName\":\"search_term_string\"}}],\"inLanguage\":\"pt-BR\"},{\"@type\":\"Organization\",\"@id\":\"https:\/\/investprote\u00e7\u00e3o.com.br\/#organization\",\"name\":\"Invest Prote\u00e7\u00e3o Veicular\",\"url\":\"https:\/\/investprote\u00e7\u00e3o.com.br\/\",\"logo\":{\"@type\":\"ImageObject\",\"inLanguage\":\"pt-BR\",\"@id\":\"https:\/\/investprote\u00e7\u00e3o.com.br\/#\/schema\/logo\/image\/\",\"url\":\"https:\/\/investprote\u00e7\u00e3o.com.br\/wp-content\/uploads\/2022\/11\/LOGO-HORIZONTAL-PRETO-E-AZUL-CLARO.png\",\"contentUrl\":\"https:\/\/investprote\u00e7\u00e3o.com.br\/wp-content\/uploads\/2022\/11\/LOGO-HORIZONTAL-PRETO-E-AZUL-CLARO.png\",\"width\":4501,\"height\":1876,\"caption\":\"Invest Prote\u00e7\u00e3o Veicular\"},\"image\":{\"@id\":\"https:\/\/investprote\u00e7\u00e3o.com.br\/#\/schema\/logo\/image\/\"},\"sameAs\":[\"https:\/\/web.facebook.com\/investprotecao\",\"https:\/\/www.instagram.com\/investprotecao\/\"]}]}<\/script>\n<!-- \/ Yoast SEO Premium plugin. -->","yoast_head_json":{"title":"Contato - Invest","description":"Entre em contato com a Invest Prote\u00e7\u00e3o veicular e saiba como proteger seu ve\u00edculo hoje mesmo, n\u00e3o deixe para depois!","robots":{"index":"index","follow":"follow","max-snippet":"max-snippet:-1","max-image-preview":"max-image-preview:large","max-video-preview":"max-video-preview:-1"},"canonical":"https:\/\/investprote\u00e7\u00e3o.com.br\/?page_id=318","og_locale":"pt_BR","og_type":"article","og_title":"Contato","og_description":"Entre em contato com a Invest Prote\u00e7\u00e3o veicular e saiba como proteger seu ve\u00edculo hoje mesmo, n\u00e3o deixe para depois!","og_url":"https:\/\/investprote\u00e7\u00e3o.com.br\/?page_id=318","og_site_name":"Invest","article_publisher":"https:\/\/web.facebook.com\/investprotecao","article_modified_time":"2025-11-05T00:22:09+00:00","twitter_card":"summary_large_image","twitter_misc":{"Est. tempo de leitura":"2 minutos"},"schema":{"@context":"https:\/\/schema.org","@graph":[{"@type":"WebPage","@id":"https:\/\/investprote\u00e7\u00e3o.com.br\/?page_id=318","url":"https:\/\/investprote\u00e7\u00e3o.com.br\/?page_id=318","name":"Contato - Invest","isPartOf":{"@id":"https:\/\/investprote\u00e7\u00e3o.com.br\/#website"},"datePublished":"2022-08-03T16:42:11+00:00","dateModified":"2025-11-05T00:22:09+00:00","description":"Entre em contato com a Invest Prote\u00e7\u00e3o veicular e saiba como proteger seu ve\u00edculo hoje mesmo, n\u00e3o deixe para depois!","breadcrumb":{"@id":"https:\/\/investprote\u00e7\u00e3o.com.br\/?page_id=318#breadcrumb"},"inLanguage":"pt-BR","potentialAction":[{"@type":"ReadAction","target":["https:\/\/investprote\u00e7\u00e3o.com.br\/?page_id=318"]}]},{"@type":"BreadcrumbList","@id":"https:\/\/investprote\u00e7\u00e3o.com.br\/?page_id=318#breadcrumb","itemListElement":[{"@type":"ListItem","position":1,"name":"In\u00edcio","item":"https:\/\/investprote\u00e7\u00e3o.com.br\/"},{"@type":"ListItem","position":2,"name":"Contato"}]},{"@type":"WebSite","@id":"https:\/\/investprote\u00e7\u00e3o.com.br\/#website","url":"https:\/\/investprote\u00e7\u00e3o.com.br\/","name":"Invest","description":"Prote\u00e7\u00e3o Veicular","publisher":{"@id":"https:\/\/investprote\u00e7\u00e3o.com.br\/#organization"},"potentialAction":[{"@type":"SearchAction","target":{"@type":"EntryPoint","urlTemplate":"https:\/\/investprote\u00e7\u00e3o.com.br\/?s={search_term_string}"},"query-input":{"@type":"PropertyValueSpecification","valueRequired":true,"valueName":"search_term_string"}}],"inLanguage":"pt-BR"},{"@type":"Organization","@id":"https:\/\/investprote\u00e7\u00e3o.com.br\/#organization","name":"Invest Prote\u00e7\u00e3o Veicular","url":"https:\/\/investprote\u00e7\u00e3o.com.br\/","logo":{"@type":"ImageObject","inLanguage":"pt-BR","@id":"https:\/\/investprote\u00e7\u00e3o.com.br\/#\/schema\/logo\/image\/","url":"https:\/\/investprote\u00e7\u00e3o.com.br\/wp-content\/uploads\/2022\/11\/LOGO-HORIZONTAL-PRETO-E-AZUL-CLARO.png","contentUrl":"https:\/\/investprote\u00e7\u00e3o.com.br\/wp-content\/uploads\/2022\/11\/LOGO-HORIZONTAL-PRETO-E-AZUL-CLARO.png","width":4501,"height":1876,"caption":"Invest Prote\u00e7\u00e3o Veicular"},"image":{"@id":"https:\/\/investprote\u00e7\u00e3o.com.br\/#\/schema\/logo\/image\/"},"sameAs":["https:\/\/web.facebook.com\/investprotecao","https:\/\/www.instagram.com\/investprotecao\/"]}]}},"_links":{"self":[{"href":"https:\/\/investprote\u00e7\u00e3o.com.br\/index.php?rest_route=\/wp\/v2\/pages\/318","targetHints":{"allow":["GET"]}}],"collection":[{"href":"https:\/\/investprote\u00e7\u00e3o.com.br\/index.php?rest_route=\/wp\/v2\/pages"}],"about":[{"href":"https:\/\/investprote\u00e7\u00e3o.com.br\/index.php?rest_route=\/wp\/v2\/types\/page"}],"author":[{"embeddable":true,"href":"https:\/\/investprote\u00e7\u00e3o.com.br\/index.php?rest_route=\/wp\/v2\/users\/1"}],"replies":[{"embeddable":true,"href":"https:\/\/investprote\u00e7\u00e3o.com.br\/index.php?rest_route=%2Fwp%2Fv2%2Fcomments&post=318"}],"version-history":[{"count":61,"href":"https:\/\/investprote\u00e7\u00e3o.com.br\/index.php?rest_route=\/wp\/v2\/pages\/318\/revisions"}],"predecessor-version":[{"id":3669,"href":"https:\/\/investprote\u00e7\u00e3o.com.br\/index.php?rest_route=\/wp\/v2\/pages\/318\/revisions\/3669"}],"wp:attachment":[{"href":"https:\/\/investprote\u00e7\u00e3o.com.br\/index.php?rest_route=%2Fwp%2Fv2%2Fmedia&parent=318"}],"curies":[{"name":"wp","href":"https:\/\/api.w.org\/{rel}","templated":true}]}}