{"id":19,"date":"2022-06-10T17:15:04","date_gmt":"2022-06-10T20:15:04","guid":{"rendered":"https:\/\/xn--investproteo-dcb9c.com.br\/?page_id=19"},"modified":"2025-11-04T21:28:03","modified_gmt":"2025-11-05T00:28:03","slug":"a-associacao","status":"publish","type":"page","link":"https:\/\/investprote\u00e7\u00e3o.com.br\/?page_id=19","title":{"rendered":"A associa\u00e7\u00e3o"},"content":{"rendered":"\t\t<div data-elementor-type=\"wp-page\" data-elementor-id=\"19\" class=\"elementor elementor-19\" data-elementor-post-type=\"page\">\n\t\t\t\t\t\t<section class=\"elementor-section elementor-top-section elementor-element elementor-element-161a0946 elementor-section-full_width elementor-section-content-middle elementor-section-height-default elementor-section-height-default\" data-id=\"161a0946\" data-element_type=\"section\">\n\t\t\t\t\t\t<div class=\"elementor-container elementor-column-gap-no\">\n\t\t\t\t\t<div class=\"elementor-column elementor-col-100 elementor-top-column elementor-element elementor-element-f809d7a\" data-id=\"f809d7a\" data-element_type=\"column\">\n\t\t\t<div class=\"elementor-widget-wrap elementor-element-populated\">\n\t\t\t\t\t\t<div class=\"elementor-element elementor-element-3d3f42f elementor-widget elementor-widget-heading\" data-id=\"3d3f42f\" data-element_type=\"widget\" data-widget_type=\"heading.default\">\n\t\t\t\t<div class=\"elementor-widget-container\">\n\t\t\t\t\t<h2 class=\"elementor-heading-title elementor-size-default\">Associa\u00e7\u00e3o: confie em que faz!<\/h2>\t\t\t\t<\/div>\n\t\t\t\t<\/div>\n\t\t\t\t\t<\/div>\n\t\t<\/div>\n\t\t\t\t\t<\/div>\n\t\t<\/section>\n\t\t\t\t<section class=\"elementor-section elementor-top-section elementor-element elementor-element-1ef9447c elementor-section-boxed elementor-section-height-default elementor-section-height-default\" data-id=\"1ef9447c\" data-element_type=\"section\">\n\t\t\t\t\t\t<div class=\"elementor-container elementor-column-gap-default\">\n\t\t\t\t\t<div class=\"elementor-column elementor-col-100 elementor-top-column elementor-element elementor-element-6835e85d\" data-id=\"6835e85d\" data-element_type=\"column\">\n\t\t\t<div class=\"elementor-widget-wrap elementor-element-populated\">\n\t\t\t\t\t\t<div class=\"elementor-element elementor-element-36f1c273 elementor-headline--style-highlight elementor-widget elementor-widget-animated-headline\" data-id=\"36f1c273\" data-element_type=\"widget\" data-settings=\"{&quot;highlighted_text&quot;:&quot;Invest&quot;,&quot;headline_style&quot;:&quot;highlight&quot;,&quot;marker&quot;:&quot;circle&quot;,&quot;loop&quot;:&quot;yes&quot;,&quot;highlight_animation_duration&quot;:1200,&quot;highlight_iteration_delay&quot;:8000}\" data-widget_type=\"animated-headline.default\">\n\t\t\t\t<div class=\"elementor-widget-container\">\n\t\t\t\t\t\t\t\t<a href=\"https:\/\/xn--investproteo-dcb9c.com.br\/\">\n\n\t\t\t\t\t<h3 class=\"elementor-headline\">\n\t\t\t\t\t<span class=\"elementor-headline-plain-text elementor-headline-text-wrapper\">Saiba com quem contar. Seja<\/span>\n\t\t\t\t<span class=\"elementor-headline-dynamic-wrapper elementor-headline-text-wrapper\">\n\t\t\t\t\t<span class=\"elementor-headline-dynamic-text elementor-headline-text-active\">Invest<\/span>\n\t\t\t\t<\/span>\n\t\t\t\t<\/h3>\n\t\t<\/a>\t\t\t\t<\/div>\n\t\t\t\t<\/div>\n\t\t\t\t\t<\/div>\n\t\t<\/div>\n\t\t\t\t\t<\/div>\n\t\t<\/section>\n\t\t\t\t<section class=\"elementor-section elementor-top-section elementor-element elementor-element-84d8883 elementor-section-height-min-height elementor-section-full_width elementor-section-height-default elementor-section-items-middle\" data-id=\"84d8883\" data-element_type=\"section\" data-settings=\"{&quot;background_background&quot;:&quot;classic&quot;}\">\n\t\t\t\t\t\t<div class=\"elementor-container elementor-column-gap-no\">\n\t\t\t\t\t<div class=\"elementor-column elementor-col-100 elementor-top-column elementor-element elementor-element-de8ada5\" data-id=\"de8ada5\" data-element_type=\"column\" data-settings=\"{&quot;background_background&quot;:&quot;classic&quot;}\">\n\t\t\t<div class=\"elementor-widget-wrap elementor-element-populated\">\n\t\t\t\t\t\t<div class=\"elementor-element elementor-element-ce20181 elementor-widget elementor-widget-image\" data-id=\"ce20181\" data-element_type=\"widget\" data-widget_type=\"image.default\">\n\t\t\t\t<div class=\"elementor-widget-container\">\n\t\t\t\t\t\t\t\t\t\t\t\t\t\t\t<img fetchpriority=\"high\" decoding=\"async\" width=\"2560\" height=\"1707\" src=\"https:\/\/investprote\u00e7\u00e3o.com.br\/wp-content\/uploads\/2023\/12\/invest-protecao-veicular-scaled.jpg\" class=\"attachment-full size-full wp-image-2613\" alt=\"\" srcset=\"https:\/\/investprote\u00e7\u00e3o.com.br\/wp-content\/uploads\/2023\/12\/invest-protecao-veicular-scaled.jpg 2560w, https:\/\/investprote\u00e7\u00e3o.com.br\/wp-content\/uploads\/2023\/12\/invest-protecao-veicular-300x200.jpg 300w, https:\/\/investprote\u00e7\u00e3o.com.br\/wp-content\/uploads\/2023\/12\/invest-protecao-veicular-1024x683.jpg 1024w, https:\/\/investprote\u00e7\u00e3o.com.br\/wp-content\/uploads\/2023\/12\/invest-protecao-veicular-768x512.jpg 768w, https:\/\/investprote\u00e7\u00e3o.com.br\/wp-content\/uploads\/2023\/12\/invest-protecao-veicular-1536x1024.jpg 1536w, https:\/\/investprote\u00e7\u00e3o.com.br\/wp-content\/uploads\/2023\/12\/invest-protecao-veicular-2048x1365.jpg 2048w\" sizes=\"(max-width: 2560px) 100vw, 2560px\" \/>\t\t\t\t\t\t\t\t\t\t\t\t\t\t\t<\/div>\n\t\t\t\t<\/div>\n\t\t\t\t\t<\/div>\n\t\t<\/div>\n\t\t\t\t\t<\/div>\n\t\t<\/section>\n\t\t\t\t<section class=\"elementor-section elementor-top-section elementor-element elementor-element-738ef22 elementor-section-boxed elementor-section-height-default elementor-section-height-default\" data-id=\"738ef22\" data-element_type=\"section\">\n\t\t\t\t\t\t<div class=\"elementor-container elementor-column-gap-default\">\n\t\t\t\t\t<div class=\"elementor-column elementor-col-100 elementor-top-column elementor-element elementor-element-447efa7\" data-id=\"447efa7\" data-element_type=\"column\">\n\t\t\t<div class=\"elementor-widget-wrap elementor-element-populated\">\n\t\t\t\t\t\t<div class=\"elementor-element elementor-element-02749ed elementor-widget elementor-widget-text-editor\" data-id=\"02749ed\" data-element_type=\"widget\" data-widget_type=\"text-editor.default\">\n\t\t\t\t<div class=\"elementor-widget-container\">\n\t\t\t\t\t\t\t\t\t<p><span style=\"vertical-align: inherit;\"><span style=\"vertical-align: inherit;\">A <\/span><\/span><strong><span style=\"vertical-align: inherit;\"><span style=\"vertical-align: inherit;\">Invest<\/span><\/span><\/strong><span style=\"vertical-align: inherit;\"><span style=\"vertical-align: inherit;\"> \u00e9 uma associa\u00e7\u00e3o de\u00a0<\/span><\/span><a href=\"https:\/\/xn--investproteo-dcb9c.com.br\/\" target=\"_blank\" rel=\"noopener\"><span style=\"vertical-align: inherit;\"><span style=\"vertical-align: inherit;\">prote\u00e7\u00e3o veicular<\/span><\/span><\/a><span style=\"vertical-align: inherit;\"><span style=\"vertical-align: inherit;\">\u00a0sem fins lucrativos, o que significa que sua opera\u00e7\u00e3o n\u00e3o visa lucro. Seu foco est\u00e1 em proteger os ve\u00edculos de seus associados contra diversos tipos de danos, como acidentes, inc\u00eandios, colis\u00f5es, furtos e roubos. Isso acontece por meio da uni\u00e3o de pessoas que compartilham o objetivo comum de proteger seus bens de maneira acess\u00edvel e eficiente. Dessa forma, o custo de fazer parte de uma associa\u00e7\u00e3o como a <\/span><\/span><strong><span style=\"vertical-align: inherit;\"><span style=\"vertical-align: inherit;\">Invest<\/span><\/span><\/strong><span style=\"vertical-align: inherit;\"><span style=\"vertical-align: inherit;\"> \u00e9 geralmente mais baixo do que o de uma seguradora tradicional.<\/span><\/span><\/p><p><span style=\"vertical-align: inherit;\"><span style=\"vertical-align: inherit;\">Al\u00e9m disso, a <\/span><\/span><strong><span style=\"vertical-align: inherit;\"><span style=\"vertical-align: inherit;\">prote\u00e7\u00e3o veicular<\/span><\/span><\/strong><span style=\"vertical-align: inherit;\"><span style=\"vertical-align: inherit;\"> oferecida pela <\/span><\/span><strong><span style=\"vertical-align: inherit;\"><span style=\"vertical-align: inherit;\">Invest<\/span><\/span><\/strong><span style=\"vertical-align: inherit;\"><span style=\"vertical-align: inherit;\"> possui um grande diferencial: ela n\u00e3o exige avalia\u00e7\u00e3o de perfil do condutor, consulta ao\u00a0<\/span><\/span><a href=\"https:\/\/www.serasa.com.br\/\" target=\"_blank\" rel=\"noopener\"><span style=\"vertical-align: inherit;\"><span style=\"vertical-align: inherit;\">SPC<\/span><\/span><\/a><span style=\"vertical-align: inherit;\"><span style=\"vertical-align: inherit;\">\u00a0ou an\u00e1lise de fatores como local de trabalho, moradia, tempo de habilita\u00e7\u00e3o ou idade. Isso significa que, independentemente do seu perfil ou hist\u00f3rico, voc\u00ea pode contar com a prote\u00e7\u00e3o da associa\u00e7\u00e3o. Para a <\/span><\/span><strong><span style=\"vertical-align: inherit;\"><span style=\"vertical-align: inherit;\">Invest<\/span><\/span><\/strong><span style=\"vertical-align: inherit;\"><span style=\"vertical-align: inherit;\">, todos os associados t\u00eam o mesmo direito \u00e0 prote\u00e7\u00e3o, sem distin\u00e7\u00e3o.<\/span><\/span><\/p><p><span style=\"vertical-align: inherit;\"><span style=\"vertical-align: inherit;\">Outro ponto que vale ser mencionado \u00e9 o modelo de rateio. Nesse sistema, os custos mensais relacionados a sinistros ou eventos s\u00e3o divididos entre todos os associados, tornando o valor da mensalidade mais acess\u00edvel para todos. Al\u00e9m disso, a <\/span><\/span><strong><span style=\"vertical-align: inherit;\"><span style=\"vertical-align: inherit;\">Invest<\/span><\/span><\/strong><span style=\"vertical-align: inherit;\"><span style=\"vertical-align: inherit;\"> se destaca pela rapidez e qualidade com que oferece os benef\u00edcios aos seus associados. A associa\u00e7\u00e3o se compromete a solucionar os danos causados aos ve\u00edculos com efici\u00eancia, garantindo mais seguran\u00e7a e tranquilidade para quem confia nela.<\/span><\/span><\/p><p><span style=\"vertical-align: inherit;\"><span style=\"vertical-align: inherit;\">A <\/span><\/span><strong><span style=\"vertical-align: inherit;\"><span style=\"vertical-align: inherit;\">Invest<\/span><\/span><\/strong><span style=\"vertical-align: inherit;\"><span style=\"vertical-align: inherit;\"> oferece uma ampla cobertura, incluindo roubo, furto, colis\u00f5es, inc\u00eandio, alagamentos e muito mais. O melhor de tudo \u00e9 que essa prote\u00e7\u00e3o vem sem as burocracias que costumam ser comuns em seguradoras tradicionais. Dessa forma, proteger seu ve\u00edculo se torna um processo muito mais simples, pr\u00e1tico e direto. <\/span><\/span><strong><span style=\"vertical-align: inherit;\"><span style=\"vertical-align: inherit;\">Portanto<\/span><\/span><\/strong><span style=\"vertical-align: inherit;\"><span style=\"vertical-align: inherit;\">, conte com a <\/span><\/span><strong><span style=\"vertical-align: inherit;\"><span style=\"vertical-align: inherit;\">Invest<\/span><\/span><\/strong><span style=\"vertical-align: inherit;\"><span style=\"vertical-align: inherit;\"> para garantir a seguran\u00e7a do seu patrim\u00f4nio. A <\/span><\/span><strong><span style=\"vertical-align: inherit;\"><span style=\"vertical-align: inherit;\">Invest<\/span><\/span><\/strong><span style=\"vertical-align: inherit;\"><span style=\"vertical-align: inherit;\"> est\u00e1 sempre ao seu lado, oferecendo a prote\u00e7\u00e3o que voc\u00ea e seu ve\u00edculo merecem.<\/span><\/span><\/p>\t\t\t\t\t\t\t\t<\/div>\n\t\t\t\t<\/div>\n\t\t\t\t\t<\/div>\n\t\t<\/div>\n\t\t\t\t\t<\/div>\n\t\t<\/section>\n\t\t\t\t<section class=\"elementor-section elementor-top-section elementor-element elementor-element-4cabb4fa elementor-section-boxed elementor-section-height-default elementor-section-height-default\" data-id=\"4cabb4fa\" data-element_type=\"section\">\n\t\t\t\t\t\t<div class=\"elementor-container elementor-column-gap-default\">\n\t\t\t\t\t<div class=\"elementor-column elementor-col-33 elementor-top-column elementor-element elementor-element-402ad2f3\" data-id=\"402ad2f3\" data-element_type=\"column\">\n\t\t\t<div class=\"elementor-widget-wrap elementor-element-populated\">\n\t\t\t\t\t\t<div class=\"elementor-element elementor-element-4a583e39 elementor-widget elementor-widget-counter\" data-id=\"4a583e39\" data-element_type=\"widget\" data-widget_type=\"counter.default\">\n\t\t\t\t<div class=\"elementor-widget-container\">\n\t\t\t\t\t\t\t<div class=\"elementor-counter\">\n\t\t\t<div class=\"elementor-counter-title\">Associados<\/div>\t\t\t<div class=\"elementor-counter-number-wrapper\">\n\t\t\t\t<span class=\"elementor-counter-number-prefix\">+<\/span>\n\t\t\t\t<span class=\"elementor-counter-number\" data-duration=\"2000\" data-to-value=\"3000\" data-from-value=\"0\">0<\/span>\n\t\t\t\t<span class=\"elementor-counter-number-suffix\"><\/span>\n\t\t\t<\/div>\n\t\t<\/div>\n\t\t\t\t\t\t<\/div>\n\t\t\t\t<\/div>\n\t\t\t\t\t<\/div>\n\t\t<\/div>\n\t\t\t\t<div class=\"elementor-column elementor-col-33 elementor-top-column elementor-element elementor-element-69d81781\" data-id=\"69d81781\" data-element_type=\"column\">\n\t\t\t<div class=\"elementor-widget-wrap elementor-element-populated\">\n\t\t\t\t\t\t<div class=\"elementor-element elementor-element-5e3054bc elementor-widget elementor-widget-counter\" data-id=\"5e3054bc\" data-element_type=\"widget\" data-widget_type=\"counter.default\">\n\t\t\t\t<div class=\"elementor-widget-container\">\n\t\t\t\t\t\t\t<div class=\"elementor-counter\">\n\t\t\t<div class=\"elementor-counter-title\">Acionamentos<\/div>\t\t\t<div class=\"elementor-counter-number-wrapper\">\n\t\t\t\t<span class=\"elementor-counter-number-prefix\">+<\/span>\n\t\t\t\t<span class=\"elementor-counter-number\" data-duration=\"2000\" data-to-value=\"700\" data-from-value=\"0\">0<\/span>\n\t\t\t\t<span class=\"elementor-counter-number-suffix\"><\/span>\n\t\t\t<\/div>\n\t\t<\/div>\n\t\t\t\t\t\t<\/div>\n\t\t\t\t<\/div>\n\t\t\t\t\t<\/div>\n\t\t<\/div>\n\t\t\t\t<div class=\"elementor-column elementor-col-33 elementor-top-column elementor-element elementor-element-fdd2a8e\" data-id=\"fdd2a8e\" data-element_type=\"column\">\n\t\t\t<div class=\"elementor-widget-wrap elementor-element-populated\">\n\t\t\t\t\t\t<div class=\"elementor-element elementor-element-6a8ddf81 elementor-widget elementor-widget-counter\" data-id=\"6a8ddf81\" data-element_type=\"widget\" data-widget_type=\"counter.default\">\n\t\t\t\t<div class=\"elementor-widget-container\">\n\t\t\t\t\t\t\t<div class=\"elementor-counter\">\n\t\t\t<div class=\"elementor-counter-title\">Oficinas credenciadas<\/div>\t\t\t<div class=\"elementor-counter-number-wrapper\">\n\t\t\t\t<span class=\"elementor-counter-number-prefix\">+<\/span>\n\t\t\t\t<span class=\"elementor-counter-number\" data-duration=\"2000\" data-to-value=\"20\" data-from-value=\"0\">0<\/span>\n\t\t\t\t<span class=\"elementor-counter-number-suffix\"><\/span>\n\t\t\t<\/div>\n\t\t<\/div>\n\t\t\t\t\t\t<\/div>\n\t\t\t\t<\/div>\n\t\t\t\t\t<\/div>\n\t\t<\/div>\n\t\t\t\t\t<\/div>\n\t\t<\/section>\n\t\t\t\t<section class=\"elementor-section elementor-top-section elementor-element elementor-element-65b6077 elementor-section-boxed elementor-section-height-default elementor-section-height-default\" data-id=\"65b6077\" data-element_type=\"section\">\n\t\t\t\t\t\t<div class=\"elementor-container elementor-column-gap-default\">\n\t\t\t\t\t<div class=\"elementor-column elementor-col-100 elementor-top-column elementor-element elementor-element-bab180b\" data-id=\"bab180b\" data-element_type=\"column\">\n\t\t\t<div class=\"elementor-widget-wrap elementor-element-populated\">\n\t\t\t\t\t\t<div class=\"elementor-element elementor-element-128da1c elementor-widget elementor-widget-video\" data-id=\"128da1c\" data-element_type=\"widget\" data-settings=\"{&quot;video_type&quot;:&quot;vimeo&quot;}\" data-widget_type=\"video.default\">\n\t\t\t\t<div class=\"elementor-widget-container\">\n\t\t\t\t\t\t\t<div class=\"elementor-wrapper elementor-open-inline\">\n\t\t\t<iframe class=\"elementor-video-iframe\" allowfullscreen allow=\"clipboard-write\" title=\"Reprodutor de v\u00eddeo vimeo\" src=\"https:\/\/player.vimeo.com\/video\/915616000?color&amp;autopause=0&amp;loop=0&amp;muted=0&amp;title=1&amp;portrait=1&amp;byline=1#t=\"><\/iframe>\t\t<\/div>\n\t\t\t\t\t\t<\/div>\n\t\t\t\t<\/div>\n\t\t\t\t\t<\/div>\n\t\t<\/div>\n\t\t\t\t\t<\/div>\n\t\t<\/section>\n\t\t\t\t<section class=\"elementor-section elementor-top-section elementor-element elementor-element-5bab5645 elementor-section-boxed elementor-section-height-default elementor-section-height-default\" data-id=\"5bab5645\" data-element_type=\"section\">\n\t\t\t\t\t\t<div class=\"elementor-container elementor-column-gap-default\">\n\t\t\t\t\t<div class=\"elementor-column elementor-col-100 elementor-top-column elementor-element elementor-element-303c21cf\" data-id=\"303c21cf\" data-element_type=\"column\">\n\t\t\t<div class=\"elementor-widget-wrap elementor-element-populated\">\n\t\t\t\t\t\t<div class=\"elementor-element elementor-element-5eac5cfc elementor-widget elementor-widget-google_maps\" data-id=\"5eac5cfc\" data-element_type=\"widget\" data-widget_type=\"google_maps.default\">\n\t\t\t\t<div class=\"elementor-widget-container\">\n\t\t\t\t\t\t\t<div class=\"elementor-custom-embed\">\n\t\t\t<iframe loading=\"lazy\"\n\t\t\t\t\tsrc=\"https:\/\/maps.google.com\/maps?q=Invest%20Prote%C3%A7%C3%A3o%20Veicular&#038;t=m&#038;z=13&#038;output=embed&#038;iwloc=near\"\n\t\t\t\t\ttitle=\"Invest Prote\u00e7\u00e3o Veicular\"\n\t\t\t\t\taria-label=\"Invest Prote\u00e7\u00e3o Veicular\"\n\t\t\t><\/iframe>\n\t\t<\/div>\n\t\t\t\t\t\t<\/div>\n\t\t\t\t<\/div>\n\t\t\t\t<div class=\"elementor-element elementor-element-38c9c6c8 elementor-widget elementor-widget-spacer\" data-id=\"38c9c6c8\" data-element_type=\"widget\" data-widget_type=\"spacer.default\">\n\t\t\t\t<div class=\"elementor-widget-container\">\n\t\t\t\t\t\t\t<div class=\"elementor-spacer\">\n\t\t\t<div class=\"elementor-spacer-inner\"><\/div>\n\t\t<\/div>\n\t\t\t\t\t\t<\/div>\n\t\t\t\t<\/div>\n\t\t\t\t\t<\/div>\n\t\t<\/div>\n\t\t\t\t\t<\/div>\n\t\t<\/section>\n\t\t\t\t<\/div>\n\t\t","protected":false},"excerpt":{"rendered":"<p>Associa\u00e7\u00e3o: confie em que faz! Saiba com quem contar. Seja Invest A Invest \u00e9 uma associa\u00e7\u00e3o de\u00a0prote\u00e7\u00e3o veicular\u00a0sem fins lucrativos, o que significa que sua opera\u00e7\u00e3o n\u00e3o visa lucro. Seu foco est\u00e1 em proteger os ve\u00edculos de seus associados contra diversos tipos de danos, como acidentes, inc\u00eandios, colis\u00f5es, furtos e roubos. Isso acontece por meio [&hellip;]<\/p>\n","protected":false},"author":1,"featured_media":0,"parent":0,"menu_order":2,"comment_status":"closed","ping_status":"closed","template":"","meta":{"footnotes":""},"class_list":["post-19","page","type-page","status-publish","hentry"],"yoast_head":"<!-- This site is optimized with the Yoast SEO Premium plugin v23.6 (Yoast SEO v23.6) - https:\/\/yoast.com\/wordpress\/plugins\/seo\/ -->\n<title>A associa\u00e7\u00e3o - Invest<\/title>\n<meta name=\"robots\" content=\"index, follow, max-snippet:-1, max-image-preview:large, max-video-preview:-1\" \/>\n<link rel=\"canonical\" href=\"https:\/\/investprote\u00e7\u00e3o.com.br\/?page_id=19\" \/>\n<meta property=\"og:locale\" content=\"pt_BR\" \/>\n<meta property=\"og:type\" content=\"article\" \/>\n<meta property=\"og:title\" content=\"A associa\u00e7\u00e3o\" \/>\n<meta property=\"og:description\" content=\"Associa\u00e7\u00e3o: confie em que faz! Saiba com quem contar. Seja Invest A Invest \u00e9 uma associa\u00e7\u00e3o de\u00a0prote\u00e7\u00e3o veicular\u00a0sem fins lucrativos, o que significa que sua opera\u00e7\u00e3o n\u00e3o visa lucro. Seu foco est\u00e1 em proteger os ve\u00edculos de seus associados contra diversos tipos de danos, como acidentes, inc\u00eandios, colis\u00f5es, furtos e roubos. Isso acontece por meio [&hellip;]\" \/>\n<meta property=\"og:url\" content=\"https:\/\/investprote\u00e7\u00e3o.com.br\/?page_id=19\" \/>\n<meta property=\"og:site_name\" content=\"Invest\" \/>\n<meta property=\"article:publisher\" content=\"https:\/\/web.facebook.com\/investprotecao\" \/>\n<meta property=\"article:modified_time\" content=\"2025-11-05T00:28:03+00:00\" \/>\n<meta name=\"twitter:card\" content=\"summary_large_image\" \/>\n<meta name=\"twitter:label1\" content=\"Est. tempo de leitura\" \/>\n\t<meta name=\"twitter:data1\" content=\"2 minutos\" \/>\n<script type=\"application\/ld+json\" class=\"yoast-schema-graph\">{\"@context\":\"https:\/\/schema.org\",\"@graph\":[{\"@type\":\"WebPage\",\"@id\":\"https:\/\/investprote\u00e7\u00e3o.com.br\/?page_id=19\",\"url\":\"https:\/\/investprote\u00e7\u00e3o.com.br\/?page_id=19\",\"name\":\"A associa\u00e7\u00e3o - Invest\",\"isPartOf\":{\"@id\":\"https:\/\/investprote\u00e7\u00e3o.com.br\/#website\"},\"datePublished\":\"2022-06-10T20:15:04+00:00\",\"dateModified\":\"2025-11-05T00:28:03+00:00\",\"breadcrumb\":{\"@id\":\"https:\/\/investprote\u00e7\u00e3o.com.br\/?page_id=19#breadcrumb\"},\"inLanguage\":\"pt-BR\",\"potentialAction\":[{\"@type\":\"ReadAction\",\"target\":[\"https:\/\/investprote\u00e7\u00e3o.com.br\/?page_id=19\"]}]},{\"@type\":\"BreadcrumbList\",\"@id\":\"https:\/\/investprote\u00e7\u00e3o.com.br\/?page_id=19#breadcrumb\",\"itemListElement\":[{\"@type\":\"ListItem\",\"position\":1,\"name\":\"In\u00edcio\",\"item\":\"https:\/\/investprote\u00e7\u00e3o.com.br\/\"},{\"@type\":\"ListItem\",\"position\":2,\"name\":\"A associa\u00e7\u00e3o\"}]},{\"@type\":\"WebSite\",\"@id\":\"https:\/\/investprote\u00e7\u00e3o.com.br\/#website\",\"url\":\"https:\/\/investprote\u00e7\u00e3o.com.br\/\",\"name\":\"Invest\",\"description\":\"Prote\u00e7\u00e3o Veicular\",\"publisher\":{\"@id\":\"https:\/\/investprote\u00e7\u00e3o.com.br\/#organization\"},\"potentialAction\":[{\"@type\":\"SearchAction\",\"target\":{\"@type\":\"EntryPoint\",\"urlTemplate\":\"https:\/\/investprote\u00e7\u00e3o.com.br\/?s={search_term_string}\"},\"query-input\":{\"@type\":\"PropertyValueSpecification\",\"valueRequired\":true,\"valueName\":\"search_term_string\"}}],\"inLanguage\":\"pt-BR\"},{\"@type\":\"Organization\",\"@id\":\"https:\/\/investprote\u00e7\u00e3o.com.br\/#organization\",\"name\":\"Invest Prote\u00e7\u00e3o Veicular\",\"url\":\"https:\/\/investprote\u00e7\u00e3o.com.br\/\",\"logo\":{\"@type\":\"ImageObject\",\"inLanguage\":\"pt-BR\",\"@id\":\"https:\/\/investprote\u00e7\u00e3o.com.br\/#\/schema\/logo\/image\/\",\"url\":\"https:\/\/investprote\u00e7\u00e3o.com.br\/wp-content\/uploads\/2022\/11\/LOGO-HORIZONTAL-PRETO-E-AZUL-CLARO.png\",\"contentUrl\":\"https:\/\/investprote\u00e7\u00e3o.com.br\/wp-content\/uploads\/2022\/11\/LOGO-HORIZONTAL-PRETO-E-AZUL-CLARO.png\",\"width\":4501,\"height\":1876,\"caption\":\"Invest Prote\u00e7\u00e3o Veicular\"},\"image\":{\"@id\":\"https:\/\/investprote\u00e7\u00e3o.com.br\/#\/schema\/logo\/image\/\"},\"sameAs\":[\"https:\/\/web.facebook.com\/investprotecao\",\"https:\/\/www.instagram.com\/investprotecao\/\"]}]}<\/script>\n<!-- \/ Yoast SEO Premium plugin. -->","yoast_head_json":{"title":"A associa\u00e7\u00e3o - Invest","robots":{"index":"index","follow":"follow","max-snippet":"max-snippet:-1","max-image-preview":"max-image-preview:large","max-video-preview":"max-video-preview:-1"},"canonical":"https:\/\/investprote\u00e7\u00e3o.com.br\/?page_id=19","og_locale":"pt_BR","og_type":"article","og_title":"A associa\u00e7\u00e3o","og_description":"Associa\u00e7\u00e3o: confie em que faz! Saiba com quem contar. Seja Invest A Invest \u00e9 uma associa\u00e7\u00e3o de\u00a0prote\u00e7\u00e3o veicular\u00a0sem fins lucrativos, o que significa que sua opera\u00e7\u00e3o n\u00e3o visa lucro. Seu foco est\u00e1 em proteger os ve\u00edculos de seus associados contra diversos tipos de danos, como acidentes, inc\u00eandios, colis\u00f5es, furtos e roubos. Isso acontece por meio [&hellip;]","og_url":"https:\/\/investprote\u00e7\u00e3o.com.br\/?page_id=19","og_site_name":"Invest","article_publisher":"https:\/\/web.facebook.com\/investprotecao","article_modified_time":"2025-11-05T00:28:03+00:00","twitter_card":"summary_large_image","twitter_misc":{"Est. tempo de leitura":"2 minutos"},"schema":{"@context":"https:\/\/schema.org","@graph":[{"@type":"WebPage","@id":"https:\/\/investprote\u00e7\u00e3o.com.br\/?page_id=19","url":"https:\/\/investprote\u00e7\u00e3o.com.br\/?page_id=19","name":"A associa\u00e7\u00e3o - Invest","isPartOf":{"@id":"https:\/\/investprote\u00e7\u00e3o.com.br\/#website"},"datePublished":"2022-06-10T20:15:04+00:00","dateModified":"2025-11-05T00:28:03+00:00","breadcrumb":{"@id":"https:\/\/investprote\u00e7\u00e3o.com.br\/?page_id=19#breadcrumb"},"inLanguage":"pt-BR","potentialAction":[{"@type":"ReadAction","target":["https:\/\/investprote\u00e7\u00e3o.com.br\/?page_id=19"]}]},{"@type":"BreadcrumbList","@id":"https:\/\/investprote\u00e7\u00e3o.com.br\/?page_id=19#breadcrumb","itemListElement":[{"@type":"ListItem","position":1,"name":"In\u00edcio","item":"https:\/\/investprote\u00e7\u00e3o.com.br\/"},{"@type":"ListItem","position":2,"name":"A associa\u00e7\u00e3o"}]},{"@type":"WebSite","@id":"https:\/\/investprote\u00e7\u00e3o.com.br\/#website","url":"https:\/\/investprote\u00e7\u00e3o.com.br\/","name":"Invest","description":"Prote\u00e7\u00e3o Veicular","publisher":{"@id":"https:\/\/investprote\u00e7\u00e3o.com.br\/#organization"},"potentialAction":[{"@type":"SearchAction","target":{"@type":"EntryPoint","urlTemplate":"https:\/\/investprote\u00e7\u00e3o.com.br\/?s={search_term_string}"},"query-input":{"@type":"PropertyValueSpecification","valueRequired":true,"valueName":"search_term_string"}}],"inLanguage":"pt-BR"},{"@type":"Organization","@id":"https:\/\/investprote\u00e7\u00e3o.com.br\/#organization","name":"Invest Prote\u00e7\u00e3o Veicular","url":"https:\/\/investprote\u00e7\u00e3o.com.br\/","logo":{"@type":"ImageObject","inLanguage":"pt-BR","@id":"https:\/\/investprote\u00e7\u00e3o.com.br\/#\/schema\/logo\/image\/","url":"https:\/\/investprote\u00e7\u00e3o.com.br\/wp-content\/uploads\/2022\/11\/LOGO-HORIZONTAL-PRETO-E-AZUL-CLARO.png","contentUrl":"https:\/\/investprote\u00e7\u00e3o.com.br\/wp-content\/uploads\/2022\/11\/LOGO-HORIZONTAL-PRETO-E-AZUL-CLARO.png","width":4501,"height":1876,"caption":"Invest Prote\u00e7\u00e3o Veicular"},"image":{"@id":"https:\/\/investprote\u00e7\u00e3o.com.br\/#\/schema\/logo\/image\/"},"sameAs":["https:\/\/web.facebook.com\/investprotecao","https:\/\/www.instagram.com\/investprotecao\/"]}]}},"_links":{"self":[{"href":"https:\/\/investprote\u00e7\u00e3o.com.br\/index.php?rest_route=\/wp\/v2\/pages\/19","targetHints":{"allow":["GET"]}}],"collection":[{"href":"https:\/\/investprote\u00e7\u00e3o.com.br\/index.php?rest_route=\/wp\/v2\/pages"}],"about":[{"href":"https:\/\/investprote\u00e7\u00e3o.com.br\/index.php?rest_route=\/wp\/v2\/types\/page"}],"author":[{"embeddable":true,"href":"https:\/\/investprote\u00e7\u00e3o.com.br\/index.php?rest_route=\/wp\/v2\/users\/1"}],"replies":[{"embeddable":true,"href":"https:\/\/investprote\u00e7\u00e3o.com.br\/index.php?rest_route=%2Fwp%2Fv2%2Fcomments&post=19"}],"version-history":[{"count":66,"href":"https:\/\/investprote\u00e7\u00e3o.com.br\/index.php?rest_route=\/wp\/v2\/pages\/19\/revisions"}],"predecessor-version":[{"id":3681,"href":"https:\/\/investprote\u00e7\u00e3o.com.br\/index.php?rest_route=\/wp\/v2\/pages\/19\/revisions\/3681"}],"wp:attachment":[{"href":"https:\/\/investprote\u00e7\u00e3o.com.br\/index.php?rest_route=%2Fwp%2Fv2%2Fmedia&parent=19"}],"curies":[{"name":"wp","href":"https:\/\/api.w.org\/{rel}","templated":true}]}}