{"id":1043,"date":"2022-09-12T16:42:09","date_gmt":"2022-09-12T19:42:09","guid":{"rendered":"https:\/\/www.investprotecao.com.br\/?page_id=1043"},"modified":"2024-09-24T14:20:49","modified_gmt":"2024-09-24T17:20:49","slug":"beneficios-invest","status":"publish","type":"page","link":"https:\/\/investprote\u00e7\u00e3o.com.br\/?page_id=1043","title":{"rendered":"Benef\u00edcios"},"content":{"rendered":"\t\t<div data-elementor-type=\"wp-page\" data-elementor-id=\"1043\" class=\"elementor elementor-1043\" data-elementor-post-type=\"page\">\n\t\t\t\t\t\t<section class=\"elementor-section elementor-top-section elementor-element elementor-element-618f2bea elementor-section-height-min-height elementor-section-full_width elementor-section-height-default elementor-section-items-middle\" data-id=\"618f2bea\" data-element_type=\"section\" data-settings=\"{&quot;background_background&quot;:&quot;classic&quot;}\">\n\t\t\t\t\t\t\t<div class=\"elementor-background-overlay\"><\/div>\n\t\t\t\t\t\t\t<div class=\"elementor-container elementor-column-gap-wide\">\n\t\t\t\t\t<div class=\"elementor-column elementor-col-100 elementor-top-column elementor-element elementor-element-4f72976b\" data-id=\"4f72976b\" data-element_type=\"column\">\n\t\t\t<div class=\"elementor-widget-wrap elementor-element-populated\">\n\t\t\t\t\t\t<div class=\"elementor-element elementor-element-738ab4f elementor-widget elementor-widget-spacer\" data-id=\"738ab4f\" data-element_type=\"widget\" data-widget_type=\"spacer.default\">\n\t\t\t\t<div class=\"elementor-widget-container\">\n\t\t\t\t\t\t\t<div class=\"elementor-spacer\">\n\t\t\t<div class=\"elementor-spacer-inner\"><\/div>\n\t\t<\/div>\n\t\t\t\t\t\t<\/div>\n\t\t\t\t<\/div>\n\t\t\t\t<div class=\"elementor-element elementor-element-8c16116 elementor-headline--style-highlight elementor-widget elementor-widget-animated-headline\" data-id=\"8c16116\" data-element_type=\"widget\" data-settings=\"{&quot;highlighted_text&quot;:&quot;Invest &quot;,&quot;headline_style&quot;:&quot;highlight&quot;,&quot;marker&quot;:&quot;circle&quot;,&quot;loop&quot;:&quot;yes&quot;,&quot;highlight_animation_duration&quot;:1200,&quot;highlight_iteration_delay&quot;:8000}\" data-widget_type=\"animated-headline.default\">\n\t\t\t\t<div class=\"elementor-widget-container\">\n\t\t\t\t\t\t\t<h3 class=\"elementor-headline\">\n\t\t\t\t\t<span class=\"elementor-headline-plain-text elementor-headline-text-wrapper\">Benef\u00edcios<\/span>\n\t\t\t\t<span class=\"elementor-headline-dynamic-wrapper elementor-headline-text-wrapper\">\n\t\t\t\t\t<span class=\"elementor-headline-dynamic-text elementor-headline-text-active\">Invest <\/span>\n\t\t\t\t<\/span>\n\t\t\t\t\t<span class=\"elementor-headline-plain-text elementor-headline-text-wrapper\">Prote\u00e7\u00e3o Veicular<\/span>\n\t\t\t\t\t<\/h3>\n\t\t\t\t\t\t<\/div>\n\t\t\t\t<\/div>\n\t\t\t\t<div class=\"elementor-element elementor-element-1df28bb elementor-widget elementor-widget-spacer\" data-id=\"1df28bb\" data-element_type=\"widget\" data-widget_type=\"spacer.default\">\n\t\t\t\t<div class=\"elementor-widget-container\">\n\t\t\t\t\t\t\t<div class=\"elementor-spacer\">\n\t\t\t<div class=\"elementor-spacer-inner\"><\/div>\n\t\t<\/div>\n\t\t\t\t\t\t<\/div>\n\t\t\t\t<\/div>\n\t\t\t\t\t<\/div>\n\t\t<\/div>\n\t\t\t\t\t<\/div>\n\t\t<\/section>\n\t\t\t\t<section class=\"elementor-section elementor-top-section elementor-element elementor-element-8484fb1 elementor-section-boxed elementor-section-height-default elementor-section-height-default\" data-id=\"8484fb1\" data-element_type=\"section\" data-settings=\"{&quot;background_background&quot;:&quot;classic&quot;}\">\n\t\t\t\t\t\t<div class=\"elementor-container elementor-column-gap-default\">\n\t\t\t\t\t<div class=\"elementor-column elementor-col-100 elementor-top-column elementor-element elementor-element-c918295\" data-id=\"c918295\" data-element_type=\"column\">\n\t\t\t<div class=\"elementor-widget-wrap elementor-element-populated\">\n\t\t\t\t\t\t<div class=\"elementor-element elementor-element-68e8d44 elementor-widget elementor-widget-heading\" data-id=\"68e8d44\" data-element_type=\"widget\" data-widget_type=\"heading.default\">\n\t\t\t\t<div class=\"elementor-widget-container\">\n\t\t\t\t\t<h2 class=\"elementor-heading-title elementor-size-default\"><a href=\"https:\/\/xn--investproteo-dcb9c.com.br\/\">Um pacote de benef\u00edcios exclusivo para voc\u00ea!<\/a><\/h2>\t\t\t\t<\/div>\n\t\t\t\t<\/div>\n\t\t\t\t<div class=\"elementor-element elementor-element-3ac06b3 elementor-widget-laptop__width-initial elementor-widget elementor-widget-text-editor\" data-id=\"3ac06b3\" data-element_type=\"widget\" data-widget_type=\"text-editor.default\">\n\t\t\t\t<div class=\"elementor-widget-container\">\n\t\t\t\t\t\t\t\t\t<p>Conhe\u00e7a nossos benef\u00edcios: Fa\u00e7a uma simula\u00e7\u00e3o e descubra qual seria o valor da mensalidade da sua prote\u00e7\u00e3o veicular. O processo \u00e9 simples e r\u00e1pido, permitindo que voc\u00ea conhe\u00e7a as op\u00e7\u00f5es dispon\u00edveis que melhor se adaptam \u00e0s suas necessidades e ao seu or\u00e7amento. Ao inserir algumas informa\u00e7\u00f5es sobre o seu ve\u00edculo, como modelo e ano, voc\u00ea receber\u00e1 uma estimativa personalizada que considera todos os aspectos essenciais da prote\u00e7\u00e3o.<\/p><p>Al\u00e9m disso, a prote\u00e7\u00e3o veicular oferece benef\u00edcios significativos: a tranquilidade de saber que seu patrim\u00f4nio est\u00e1 seguro. Essa prote\u00e7\u00e3o \u00e9 fundamental para evitar surpresas desagrad\u00e1veis e garantir que, em caso de imprevistos, voc\u00ea tenha a cobertura adequada para lidar com a situa\u00e7\u00e3o. A seguran\u00e7a do seu ve\u00edculo e a prote\u00e7\u00e3o do seu investimento n\u00e3o t\u00eam pre\u00e7o, e estar resguardado significa viver com mais confian\u00e7a.<\/p><p>Outro benef\u00edcio importante \u00e9 a possibilidade de contar com assist\u00eancia 24 horas, que traz ainda mais conforto e seguran\u00e7a no seu dia a dia. Imagine ter acesso a servi\u00e7os de guincho, socorro mec\u00e2nico e outras ajudas sempre que precisar. Isso n\u00e3o apenas facilita sua rotina, mas tamb\u00e9m proporciona uma sensa\u00e7\u00e3o de seguran\u00e7a em situa\u00e7\u00f5es inesperadas.<\/p><p>N\u00e3o deixe para depois! Fa\u00e7a a simula\u00e7\u00e3o agora mesmo e veja como \u00e9 f\u00e1cil cuidar do seu patrim\u00f4nio e garantir todos esses benef\u00edcios. Proteger o seu ve\u00edculo \u00e9 um passo essencial para evitar dores de cabe\u00e7a futuras e garantir que voc\u00ea esteja sempre preparado para o que der e vier. Com a prote\u00e7\u00e3o veicular, voc\u00ea pode focar em aproveitar suas viagens e o dia a dia, sabendo que est\u00e1 amparado por uma cobertura confi\u00e1vel.<\/p><p>Al\u00e9m disso, a prote\u00e7\u00e3o veicular oferece um benef\u00edcio importante: a tranquilidade de saber que seu patrim\u00f4nio est\u00e1 resguardado. Lembre-se de que sua seguran\u00e7a e tranquilidade n\u00e3o t\u00eam pre\u00e7o! Estar protegido significa evitar surpresas desagrad\u00e1veis e garantir que, em caso de imprevistos, voc\u00ea tenha a cobertura adequada para lidar com a situa\u00e7\u00e3o. Outro benef\u00edcio \u00e9 a possibilidade de contar com assist\u00eancia 24 horas, que traz ainda mais conforto e seguran\u00e7a no seu dia a dia.<\/p><p>N\u00e3o deixe para depois! Fa\u00e7a a simula\u00e7\u00e3o agora mesmo e descubra como \u00e9 f\u00e1cil cuidar do seu patrim\u00f4nio e garantir todos esses benef\u00edcios.<\/p>\t\t\t\t\t\t\t\t<\/div>\n\t\t\t\t<\/div>\n\t\t\t\t<div class=\"elementor-element elementor-element-b76b171 animated-slow elementor-align-center elementor-widget elementor-widget-button\" data-id=\"b76b171\" data-element_type=\"widget\" data-settings=\"{&quot;_animation&quot;:&quot;none&quot;,&quot;_animation_delay&quot;:300}\" data-widget_type=\"button.default\">\n\t\t\t\t<div class=\"elementor-widget-container\">\n\t\t\t\t\t\t\t\t\t<div class=\"elementor-button-wrapper\">\n\t\t\t\t\t<a class=\"elementor-button elementor-button-link elementor-size-sm elementor-animation-buzz-out\" href=\"https:\/\/invest.superappdaprotecao.com.br\/simulacao\">\n\t\t\t\t\t\t<span class=\"elementor-button-content-wrapper\">\n\t\t\t\t\t\t\t\t\t<span class=\"elementor-button-text\">Simular Prote\u00e7\u00e3o<\/span>\n\t\t\t\t\t<\/span>\n\t\t\t\t\t<\/a>\n\t\t\t\t<\/div>\n\t\t\t\t\t\t\t\t<\/div>\n\t\t\t\t<\/div>\n\t\t\t\t<section class=\"elementor-section elementor-inner-section elementor-element elementor-element-d6ef4f8 elementor-section-boxed elementor-section-height-default elementor-section-height-default\" data-id=\"d6ef4f8\" data-element_type=\"section\">\n\t\t\t\t\t\t<div class=\"elementor-container elementor-column-gap-default\">\n\t\t\t\t\t<div class=\"elementor-column elementor-col-50 elementor-inner-column elementor-element elementor-element-7bbbaf5\" data-id=\"7bbbaf5\" data-element_type=\"column\">\n\t\t\t<div class=\"elementor-widget-wrap elementor-element-populated\">\n\t\t\t\t\t\t<div class=\"elementor-element elementor-element-49e1b21 elementor-widget__width-initial elementor-widget elementor-widget-video\" data-id=\"49e1b21\" data-element_type=\"widget\" data-settings=\"{&quot;video_type&quot;:&quot;vimeo&quot;,&quot;autoplay&quot;:&quot;yes&quot;,&quot;play_on_mobile&quot;:&quot;yes&quot;,&quot;loop&quot;:&quot;yes&quot;}\" data-widget_type=\"video.default\">\n\t\t\t\t<div class=\"elementor-widget-container\">\n\t\t\t\t\t\t\t<div class=\"elementor-wrapper elementor-open-inline\">\n\t\t\t<iframe class=\"elementor-video-iframe\" allowfullscreen allow=\"autoplay\" title=\"Reprodutor de v\u00eddeo vimeo\" src=\"https:\/\/player.vimeo.com\/video\/915620119?autoplay=1&amp;playsinline=1&amp;color&amp;autopause=0&amp;loop=1&amp;muted=0&amp;title=0&amp;portrait=0&amp;byline=0#t=\"><\/iframe>\t\t<\/div>\n\t\t\t\t\t\t<\/div>\n\t\t\t\t<\/div>\n\t\t\t\t\t<\/div>\n\t\t<\/div>\n\t\t\t\t<div class=\"elementor-column elementor-col-50 elementor-inner-column elementor-element elementor-element-8ed8e43\" data-id=\"8ed8e43\" data-element_type=\"column\">\n\t\t\t<div class=\"elementor-widget-wrap elementor-element-populated\">\n\t\t\t\t\t\t<div class=\"elementor-element elementor-element-d07d8b3 elementor-widget elementor-widget-image\" data-id=\"d07d8b3\" data-element_type=\"widget\" data-widget_type=\"image.default\">\n\t\t\t\t<div class=\"elementor-widget-container\">\n\t\t\t\t\t\t\t\t\t\t\t\t\t\t\t<img fetchpriority=\"high\" decoding=\"async\" width=\"800\" height=\"534\" src=\"https:\/\/investprote\u00e7\u00e3o.com.br\/wp-content\/uploads\/2022\/11\/AnyConv.com__obs-transportes-guincho-de-veiculos-1024x683.webp\" class=\"attachment-large size-large wp-image-1741\" alt=\"\" srcset=\"https:\/\/investprote\u00e7\u00e3o.com.br\/wp-content\/uploads\/2022\/11\/AnyConv.com__obs-transportes-guincho-de-veiculos-1024x683.webp 1024w, https:\/\/investprote\u00e7\u00e3o.com.br\/wp-content\/uploads\/2022\/11\/AnyConv.com__obs-transportes-guincho-de-veiculos-300x200.webp 300w, https:\/\/investprote\u00e7\u00e3o.com.br\/wp-content\/uploads\/2022\/11\/AnyConv.com__obs-transportes-guincho-de-veiculos-768x512.webp 768w, https:\/\/investprote\u00e7\u00e3o.com.br\/wp-content\/uploads\/2022\/11\/AnyConv.com__obs-transportes-guincho-de-veiculos.webp 1500w\" sizes=\"(max-width: 800px) 100vw, 800px\" \/>\t\t\t\t\t\t\t\t\t\t\t\t\t\t\t<\/div>\n\t\t\t\t<\/div>\n\t\t\t\t\t<\/div>\n\t\t<\/div>\n\t\t\t\t\t<\/div>\n\t\t<\/section>\n\t\t\t\t\t<\/div>\n\t\t<\/div>\n\t\t\t\t\t<\/div>\n\t\t<\/section>\n\t\t\t\t<section class=\"elementor-section elementor-top-section elementor-element elementor-element-38f337f elementor-section-height-min-height elementor-section-boxed elementor-section-height-default elementor-section-items-middle\" data-id=\"38f337f\" data-element_type=\"section\">\n\t\t\t\t\t\t<div class=\"elementor-container elementor-column-gap-default\">\n\t\t\t\t\t<div class=\"elementor-column elementor-col-33 elementor-top-column elementor-element elementor-element-1a3c300\" data-id=\"1a3c300\" data-element_type=\"column\">\n\t\t\t<div class=\"elementor-widget-wrap elementor-element-populated\">\n\t\t\t\t\t\t<div class=\"elementor-element elementor-element-3304902 elementor-view-default elementor-widget elementor-widget-icon\" data-id=\"3304902\" data-element_type=\"widget\" data-widget_type=\"icon.default\">\n\t\t\t\t<div class=\"elementor-widget-container\">\n\t\t\t\t\t\t\t<div class=\"elementor-icon-wrapper\">\n\t\t\t<div class=\"elementor-icon\">\n\t\t\t<i aria-hidden=\"true\" class=\"icon icon-right-arrow2\"><\/i>\t\t\t<\/div>\n\t\t<\/div>\n\t\t\t\t\t\t<\/div>\n\t\t\t\t<\/div>\n\t\t\t\t\t<\/div>\n\t\t<\/div>\n\t\t\t\t<div class=\"elementor-column elementor-col-33 elementor-top-column elementor-element elementor-element-f9e9dda\" data-id=\"f9e9dda\" data-element_type=\"column\">\n\t\t\t<div class=\"elementor-widget-wrap elementor-element-populated\">\n\t\t\t\t\t\t<div class=\"elementor-element elementor-element-f8250e6 elementor-widget elementor-widget-heading\" data-id=\"f8250e6\" data-element_type=\"widget\" data-widget_type=\"heading.default\">\n\t\t\t\t<div class=\"elementor-widget-container\">\n\t\t\t\t\t<h2 class=\"elementor-heading-title elementor-size-xl\">BENEF\u00cdCIOS<\/h2>\t\t\t\t<\/div>\n\t\t\t\t<\/div>\n\t\t\t\t\t<\/div>\n\t\t<\/div>\n\t\t\t\t<div class=\"elementor-column elementor-col-33 elementor-top-column elementor-element elementor-element-3fa4ba7\" data-id=\"3fa4ba7\" data-element_type=\"column\">\n\t\t\t<div class=\"elementor-widget-wrap elementor-element-populated\">\n\t\t\t\t\t\t<div class=\"elementor-element elementor-element-a4c23ac elementor-view-default elementor-widget elementor-widget-icon\" data-id=\"a4c23ac\" data-element_type=\"widget\" data-widget_type=\"icon.default\">\n\t\t\t\t<div class=\"elementor-widget-container\">\n\t\t\t\t\t\t\t<div class=\"elementor-icon-wrapper\">\n\t\t\t<div class=\"elementor-icon\">\n\t\t\t<i aria-hidden=\"true\" class=\"icon icon-left-arrow2\"><\/i>\t\t\t<\/div>\n\t\t<\/div>\n\t\t\t\t\t\t<\/div>\n\t\t\t\t<\/div>\n\t\t\t\t\t<\/div>\n\t\t<\/div>\n\t\t\t\t\t<\/div>\n\t\t<\/section>\n\t\t\t\t<section class=\"elementor-section elementor-top-section elementor-element elementor-element-221f144 elementor-section-height-min-height elementor-section-boxed elementor-section-height-default elementor-section-items-middle\" data-id=\"221f144\" data-element_type=\"section\">\n\t\t\t\t\t\t<div class=\"elementor-container elementor-column-gap-default\">\n\t\t\t\t\t<div class=\"elementor-column elementor-col-100 elementor-top-column elementor-element elementor-element-2f15785\" data-id=\"2f15785\" data-element_type=\"column\">\n\t\t\t<div class=\"elementor-widget-wrap elementor-element-populated\">\n\t\t\t\t\t\t<section class=\"elementor-section elementor-inner-section elementor-element elementor-element-69caf4c elementor-section-boxed elementor-section-height-default elementor-section-height-default\" data-id=\"69caf4c\" data-element_type=\"section\">\n\t\t\t\t\t\t<div class=\"elementor-container elementor-column-gap-default\">\n\t\t\t\t\t<div class=\"elementor-column elementor-col-33 elementor-inner-column elementor-element elementor-element-0450848\" data-id=\"0450848\" data-element_type=\"column\">\n\t\t\t<div class=\"elementor-widget-wrap\">\n\t\t\t\t\t\t\t<\/div>\n\t\t<\/div>\n\t\t\t\t<div class=\"elementor-column elementor-col-33 elementor-inner-column elementor-element elementor-element-1db863e\" data-id=\"1db863e\" data-element_type=\"column\">\n\t\t\t<div class=\"elementor-widget-wrap\">\n\t\t\t\t\t\t\t<\/div>\n\t\t<\/div>\n\t\t\t\t<div class=\"elementor-column elementor-col-33 elementor-inner-column elementor-element elementor-element-1a47917 elementor-hidden-tablet\" data-id=\"1a47917\" data-element_type=\"column\">\n\t\t\t<div class=\"elementor-widget-wrap\">\n\t\t\t\t\t\t\t<\/div>\n\t\t<\/div>\n\t\t\t\t\t<\/div>\n\t\t<\/section>\n\t\t\t\t<section class=\"elementor-section elementor-inner-section elementor-element elementor-element-1313b08 elementor-section-boxed elementor-section-height-default elementor-section-height-default\" data-id=\"1313b08\" data-element_type=\"section\">\n\t\t\t\t\t\t<div class=\"elementor-container elementor-column-gap-default\">\n\t\t\t\t\t<div class=\"elementor-column elementor-col-33 elementor-inner-column elementor-element elementor-element-0045ccb elementor-hidden-tablet\" data-id=\"0045ccb\" data-element_type=\"column\">\n\t\t\t<div class=\"elementor-widget-wrap\">\n\t\t\t\t\t\t\t<\/div>\n\t\t<\/div>\n\t\t\t\t<div class=\"elementor-column elementor-col-33 elementor-inner-column elementor-element elementor-element-b9f621e\" data-id=\"b9f621e\" data-element_type=\"column\">\n\t\t\t<div class=\"elementor-widget-wrap\">\n\t\t\t\t\t\t\t<\/div>\n\t\t<\/div>\n\t\t\t\t<div class=\"elementor-column elementor-col-33 elementor-inner-column elementor-element elementor-element-7d69f3a\" data-id=\"7d69f3a\" data-element_type=\"column\">\n\t\t\t<div class=\"elementor-widget-wrap\">\n\t\t\t\t\t\t\t<\/div>\n\t\t<\/div>\n\t\t\t\t\t<\/div>\n\t\t<\/section>\n\t\t\t\t<section class=\"elementor-section elementor-inner-section elementor-element elementor-element-d4a94b1 elementor-section-boxed elementor-section-height-default elementor-section-height-default\" data-id=\"d4a94b1\" data-element_type=\"section\">\n\t\t\t\t\t\t<div class=\"elementor-container elementor-column-gap-default\">\n\t\t\t\t\t<div class=\"elementor-column elementor-col-33 elementor-inner-column elementor-element elementor-element-1f1ee1d\" data-id=\"1f1ee1d\" data-element_type=\"column\">\n\t\t\t<div class=\"elementor-widget-wrap\">\n\t\t\t\t\t\t\t<\/div>\n\t\t<\/div>\n\t\t\t\t<div class=\"elementor-column elementor-col-33 elementor-inner-column elementor-element elementor-element-cabfe58 elementor-hidden-tablet\" data-id=\"cabfe58\" data-element_type=\"column\">\n\t\t\t<div class=\"elementor-widget-wrap\">\n\t\t\t\t\t\t\t<\/div>\n\t\t<\/div>\n\t\t\t\t<div class=\"elementor-column elementor-col-33 elementor-inner-column elementor-element elementor-element-f94456a\" data-id=\"f94456a\" data-element_type=\"column\">\n\t\t\t<div class=\"elementor-widget-wrap\">\n\t\t\t\t\t\t\t<\/div>\n\t\t<\/div>\n\t\t\t\t\t<\/div>\n\t\t<\/section>\n\t\t\t\t\t<\/div>\n\t\t<\/div>\n\t\t\t\t\t<\/div>\n\t\t<\/section>\n\t\t\t\t<\/div>\n\t\t","protected":false},"excerpt":{"rendered":"<p>Benef\u00edcios Invest Prote\u00e7\u00e3o Veicular Um pacote de benef\u00edcios exclusivo para voc\u00ea! Fa\u00e7a uma simula\u00e7\u00e3o e veja qual seria o valor da mensalidade da sua prote\u00e7\u00e3o veicular. O processo \u00e9 simples e r\u00e1pido, permitindo que voc\u00ea conhe\u00e7a as op\u00e7\u00f5es dispon\u00edveis que melhor se adaptam \u00e0s suas necessidades e ao seu or\u00e7amento. Ao inserir algumas informa\u00e7\u00f5es sobre [&hellip;]<\/p>\n","protected":false},"author":1,"featured_media":0,"parent":0,"menu_order":1,"comment_status":"closed","ping_status":"closed","template":"","meta":{"footnotes":""},"class_list":["post-1043","page","type-page","status-publish","hentry"],"yoast_head":"<!-- This site is optimized with the Yoast SEO Premium plugin v23.6 (Yoast SEO v23.6) - https:\/\/yoast.com\/wordpress\/plugins\/seo\/ -->\n<title>benef\u00edcios investBenef\u00edcios - Invest<\/title>\n<meta name=\"description\" content=\"Conhe\u00e7a nossos benef\u00edcios e saiba hoje mesmo onde quer proteger seu ve\u00edculo, confie em quem faz. Se proteja hoje!\" \/>\n<meta name=\"robots\" content=\"index, follow, max-snippet:-1, max-image-preview:large, max-video-preview:-1\" \/>\n<link rel=\"canonical\" href=\"https:\/\/investprote\u00e7\u00e3o.com.br\/?page_id=1043\" \/>\n<meta property=\"og:locale\" content=\"pt_BR\" \/>\n<meta property=\"og:type\" content=\"article\" \/>\n<meta property=\"og:title\" content=\"Benef\u00edcios\" \/>\n<meta property=\"og:description\" content=\"Conhe\u00e7a nossos benef\u00edcios e saiba hoje mesmo onde quer proteger seu ve\u00edculo, confie em quem faz. Se proteja hoje!\" \/>\n<meta property=\"og:url\" content=\"https:\/\/investprote\u00e7\u00e3o.com.br\/?page_id=1043\" \/>\n<meta property=\"og:site_name\" content=\"Invest\" \/>\n<meta property=\"article:publisher\" content=\"https:\/\/web.facebook.com\/investprotecao\" \/>\n<meta property=\"article:modified_time\" content=\"2024-09-24T17:20:49+00:00\" \/>\n<meta name=\"twitter:card\" content=\"summary_large_image\" \/>\n<meta name=\"twitter:label1\" content=\"Est. tempo de leitura\" \/>\n\t<meta name=\"twitter:data1\" content=\"2 minutos\" \/>\n<script type=\"application\/ld+json\" class=\"yoast-schema-graph\">{\"@context\":\"https:\/\/schema.org\",\"@graph\":[{\"@type\":\"WebPage\",\"@id\":\"https:\/\/investprote\u00e7\u00e3o.com.br\/?page_id=1043\",\"url\":\"https:\/\/investprote\u00e7\u00e3o.com.br\/?page_id=1043\",\"name\":\"benef\u00edcios investBenef\u00edcios - Invest\",\"isPartOf\":{\"@id\":\"https:\/\/investprote\u00e7\u00e3o.com.br\/#website\"},\"datePublished\":\"2022-09-12T19:42:09+00:00\",\"dateModified\":\"2024-09-24T17:20:49+00:00\",\"description\":\"Conhe\u00e7a nossos benef\u00edcios e saiba hoje mesmo onde quer proteger seu ve\u00edculo, confie em quem faz. Se proteja hoje!\",\"breadcrumb\":{\"@id\":\"https:\/\/investprote\u00e7\u00e3o.com.br\/?page_id=1043#breadcrumb\"},\"inLanguage\":\"pt-BR\",\"potentialAction\":[{\"@type\":\"ReadAction\",\"target\":[\"https:\/\/investprote\u00e7\u00e3o.com.br\/?page_id=1043\"]}]},{\"@type\":\"BreadcrumbList\",\"@id\":\"https:\/\/investprote\u00e7\u00e3o.com.br\/?page_id=1043#breadcrumb\",\"itemListElement\":[{\"@type\":\"ListItem\",\"position\":1,\"name\":\"In\u00edcio\",\"item\":\"https:\/\/investprote\u00e7\u00e3o.com.br\/\"},{\"@type\":\"ListItem\",\"position\":2,\"name\":\"Benef\u00edcios\"}]},{\"@type\":\"WebSite\",\"@id\":\"https:\/\/investprote\u00e7\u00e3o.com.br\/#website\",\"url\":\"https:\/\/investprote\u00e7\u00e3o.com.br\/\",\"name\":\"Invest\",\"description\":\"Prote\u00e7\u00e3o Veicular\",\"publisher\":{\"@id\":\"https:\/\/investprote\u00e7\u00e3o.com.br\/#organization\"},\"potentialAction\":[{\"@type\":\"SearchAction\",\"target\":{\"@type\":\"EntryPoint\",\"urlTemplate\":\"https:\/\/investprote\u00e7\u00e3o.com.br\/?s={search_term_string}\"},\"query-input\":{\"@type\":\"PropertyValueSpecification\",\"valueRequired\":true,\"valueName\":\"search_term_string\"}}],\"inLanguage\":\"pt-BR\"},{\"@type\":\"Organization\",\"@id\":\"https:\/\/investprote\u00e7\u00e3o.com.br\/#organization\",\"name\":\"Invest Prote\u00e7\u00e3o Veicular\",\"url\":\"https:\/\/investprote\u00e7\u00e3o.com.br\/\",\"logo\":{\"@type\":\"ImageObject\",\"inLanguage\":\"pt-BR\",\"@id\":\"https:\/\/investprote\u00e7\u00e3o.com.br\/#\/schema\/logo\/image\/\",\"url\":\"https:\/\/investprote\u00e7\u00e3o.com.br\/wp-content\/uploads\/2022\/11\/LOGO-HORIZONTAL-PRETO-E-AZUL-CLARO.png\",\"contentUrl\":\"https:\/\/investprote\u00e7\u00e3o.com.br\/wp-content\/uploads\/2022\/11\/LOGO-HORIZONTAL-PRETO-E-AZUL-CLARO.png\",\"width\":4501,\"height\":1876,\"caption\":\"Invest Prote\u00e7\u00e3o Veicular\"},\"image\":{\"@id\":\"https:\/\/investprote\u00e7\u00e3o.com.br\/#\/schema\/logo\/image\/\"},\"sameAs\":[\"https:\/\/web.facebook.com\/investprotecao\",\"https:\/\/www.instagram.com\/investprotecao\/\"]}]}<\/script>\n<!-- \/ Yoast SEO Premium plugin. -->","yoast_head_json":{"title":"benef\u00edcios investBenef\u00edcios - Invest","description":"Conhe\u00e7a nossos benef\u00edcios e saiba hoje mesmo onde quer proteger seu ve\u00edculo, confie em quem faz. Se proteja hoje!","robots":{"index":"index","follow":"follow","max-snippet":"max-snippet:-1","max-image-preview":"max-image-preview:large","max-video-preview":"max-video-preview:-1"},"canonical":"https:\/\/investprote\u00e7\u00e3o.com.br\/?page_id=1043","og_locale":"pt_BR","og_type":"article","og_title":"Benef\u00edcios","og_description":"Conhe\u00e7a nossos benef\u00edcios e saiba hoje mesmo onde quer proteger seu ve\u00edculo, confie em quem faz. Se proteja hoje!","og_url":"https:\/\/investprote\u00e7\u00e3o.com.br\/?page_id=1043","og_site_name":"Invest","article_publisher":"https:\/\/web.facebook.com\/investprotecao","article_modified_time":"2024-09-24T17:20:49+00:00","twitter_card":"summary_large_image","twitter_misc":{"Est. tempo de leitura":"2 minutos"},"schema":{"@context":"https:\/\/schema.org","@graph":[{"@type":"WebPage","@id":"https:\/\/investprote\u00e7\u00e3o.com.br\/?page_id=1043","url":"https:\/\/investprote\u00e7\u00e3o.com.br\/?page_id=1043","name":"benef\u00edcios investBenef\u00edcios - Invest","isPartOf":{"@id":"https:\/\/investprote\u00e7\u00e3o.com.br\/#website"},"datePublished":"2022-09-12T19:42:09+00:00","dateModified":"2024-09-24T17:20:49+00:00","description":"Conhe\u00e7a nossos benef\u00edcios e saiba hoje mesmo onde quer proteger seu ve\u00edculo, confie em quem faz. Se proteja hoje!","breadcrumb":{"@id":"https:\/\/investprote\u00e7\u00e3o.com.br\/?page_id=1043#breadcrumb"},"inLanguage":"pt-BR","potentialAction":[{"@type":"ReadAction","target":["https:\/\/investprote\u00e7\u00e3o.com.br\/?page_id=1043"]}]},{"@type":"BreadcrumbList","@id":"https:\/\/investprote\u00e7\u00e3o.com.br\/?page_id=1043#breadcrumb","itemListElement":[{"@type":"ListItem","position":1,"name":"In\u00edcio","item":"https:\/\/investprote\u00e7\u00e3o.com.br\/"},{"@type":"ListItem","position":2,"name":"Benef\u00edcios"}]},{"@type":"WebSite","@id":"https:\/\/investprote\u00e7\u00e3o.com.br\/#website","url":"https:\/\/investprote\u00e7\u00e3o.com.br\/","name":"Invest","description":"Prote\u00e7\u00e3o Veicular","publisher":{"@id":"https:\/\/investprote\u00e7\u00e3o.com.br\/#organization"},"potentialAction":[{"@type":"SearchAction","target":{"@type":"EntryPoint","urlTemplate":"https:\/\/investprote\u00e7\u00e3o.com.br\/?s={search_term_string}"},"query-input":{"@type":"PropertyValueSpecification","valueRequired":true,"valueName":"search_term_string"}}],"inLanguage":"pt-BR"},{"@type":"Organization","@id":"https:\/\/investprote\u00e7\u00e3o.com.br\/#organization","name":"Invest Prote\u00e7\u00e3o Veicular","url":"https:\/\/investprote\u00e7\u00e3o.com.br\/","logo":{"@type":"ImageObject","inLanguage":"pt-BR","@id":"https:\/\/investprote\u00e7\u00e3o.com.br\/#\/schema\/logo\/image\/","url":"https:\/\/investprote\u00e7\u00e3o.com.br\/wp-content\/uploads\/2022\/11\/LOGO-HORIZONTAL-PRETO-E-AZUL-CLARO.png","contentUrl":"https:\/\/investprote\u00e7\u00e3o.com.br\/wp-content\/uploads\/2022\/11\/LOGO-HORIZONTAL-PRETO-E-AZUL-CLARO.png","width":4501,"height":1876,"caption":"Invest Prote\u00e7\u00e3o Veicular"},"image":{"@id":"https:\/\/investprote\u00e7\u00e3o.com.br\/#\/schema\/logo\/image\/"},"sameAs":["https:\/\/web.facebook.com\/investprotecao","https:\/\/www.instagram.com\/investprotecao\/"]}]}},"_links":{"self":[{"href":"https:\/\/investprote\u00e7\u00e3o.com.br\/index.php?rest_route=\/wp\/v2\/pages\/1043","targetHints":{"allow":["GET"]}}],"collection":[{"href":"https:\/\/investprote\u00e7\u00e3o.com.br\/index.php?rest_route=\/wp\/v2\/pages"}],"about":[{"href":"https:\/\/investprote\u00e7\u00e3o.com.br\/index.php?rest_route=\/wp\/v2\/types\/page"}],"author":[{"embeddable":true,"href":"https:\/\/investprote\u00e7\u00e3o.com.br\/index.php?rest_route=\/wp\/v2\/users\/1"}],"replies":[{"embeddable":true,"href":"https:\/\/investprote\u00e7\u00e3o.com.br\/index.php?rest_route=%2Fwp%2Fv2%2Fcomments&post=1043"}],"version-history":[{"count":88,"href":"https:\/\/investprote\u00e7\u00e3o.com.br\/index.php?rest_route=\/wp\/v2\/pages\/1043\/revisions"}],"predecessor-version":[{"id":3117,"href":"https:\/\/investprote\u00e7\u00e3o.com.br\/index.php?rest_route=\/wp\/v2\/pages\/1043\/revisions\/3117"}],"wp:attachment":[{"href":"https:\/\/investprote\u00e7\u00e3o.com.br\/index.php?rest_route=%2Fwp%2Fv2%2Fmedia&parent=1043"}],"curies":[{"name":"wp","href":"https:\/\/api.w.org\/{rel}","templated":true}]}}